{"id":10,"date":"2018-04-17T12:57:10","date_gmt":"2018-04-17T10:57:10","guid":{"rendered":"http:\/\/work.librenmeta.org\/?page_id=10"},"modified":"2025-02-24T20:06:54","modified_gmt":"2025-02-24T19:06:54","slug":"accueil","status":"publish","type":"page","link":"https:\/\/www.librenmeta.org\/en\/","title":{"rendered":"Home"},"content":{"rendered":"<div data-elementor-type=\"wp-post\" data-elementor-id=\"10\" class=\"elementor elementor-10\">\n\t\t\t\t\t\t<section class=\"elementor-section elementor-top-section elementor-element elementor-element-002dbd8 elementor-section-boxed elementor-section-height-default elementor-section-height-default\" data-id=\"002dbd8\" data-element_type=\"section\" data-e-type=\"section\">\n\t\t\t\t\t\t<div class=\"elementor-container elementor-column-gap-default\">\n\t\t\t\t\t<div class=\"elementor-column elementor-col-100 elementor-top-column elementor-element elementor-element-1580319\" data-id=\"1580319\" data-element_type=\"column\" data-e-type=\"column\">\n\t\t\t<div class=\"elementor-widget-wrap\">\n\t\t\t\t\t\t\t<\/div>\n\t\t<\/div>\n\t\t\t\t\t<\/div>\n\t\t<\/section>\n\t\t\t\t<section class=\"elementor-section elementor-top-section elementor-element elementor-element-b66d13c elementor-section-stretched elementor-section-full_width elementor-section-content-middle elementor-section-height-default elementor-section-height-default\" data-id=\"b66d13c\" data-element_type=\"section\" data-e-type=\"section\" data-settings=\"{&quot;stretch_section&quot;:&quot;section-stretched&quot;,&quot;background_background&quot;:&quot;classic&quot;}\">\n\t\t\t\t\t\t<div class=\"elementor-container elementor-column-gap-default\">\n\t\t\t\t\t<div class=\"elementor-column elementor-col-100 elementor-top-column elementor-element elementor-element-ba00319\" data-id=\"ba00319\" data-element_type=\"column\" data-e-type=\"column\">\n\t\t\t<div class=\"elementor-widget-wrap elementor-element-populated\">\n\t\t\t\t\t\t<div class=\"elementor-element elementor-element-e7154bb elementor-widget-mobile__width-inherit elementor-widget elementor-widget-shortcode\" data-id=\"e7154bb\" data-element_type=\"widget\" data-e-type=\"widget\" data-widget_type=\"shortcode.default\">\n\t\t\t\t<div class=\"elementor-widget-container\">\n\t\t\t\t\t\t\t<div class=\"elementor-shortcode\">  <\/div>\n\t\t\t\t\t\t<\/div>\n\t\t\t\t<\/div>\n\t\t\t\t\t<\/div>\n\t\t<\/div>\n\t\t\t\t\t<\/div>\n\t\t<\/section>\n\t\t\t\t<section class=\"elementor-section elementor-top-section elementor-element elementor-element-736709a elementor-section-stretched elementor-section-boxed elementor-section-height-default elementor-section-height-default\" data-id=\"736709a\" data-element_type=\"section\" data-e-type=\"section\" data-settings=\"{&quot;stretch_section&quot;:&quot;section-stretched&quot;,&quot;background_background&quot;:&quot;classic&quot;}\">\n\t\t\t\t\t\t<div class=\"elementor-container elementor-column-gap-default\">\n\t\t\t\t\t<div class=\"elementor-column elementor-col-100 elementor-top-column elementor-element elementor-element-2573f71\" data-id=\"2573f71\" data-element_type=\"column\" data-e-type=\"column\">\n\t\t\t<div class=\"elementor-widget-wrap elementor-element-populated\">\n\t\t\t\t\t\t<div class=\"elementor-element elementor-element-e51486b elementor-widget elementor-widget-text-editor\" data-id=\"e51486b\" data-element_type=\"widget\" data-e-type=\"widget\" data-widget_type=\"text-editor.default\">\n\t\t\t\t<div class=\"elementor-widget-container\">\n\t\t\t\t\t\t\t\t\tLibrenmeta\u00ae is a gathering of beings who unite around a common denominator that is the gift of self. Accompanying certified person and volunteers in transmission, all work actively in this school of life in Meta in order to be oneself a presence and a support to those who aspire to this inner truth.\t\t\t\t\t\t\t\t<\/div>\n\t\t\t\t<\/div>\n\t\t\t\t<div class=\"elementor-element elementor-element-272e528 elementor-widget elementor-widget-spacer\" data-id=\"272e528\" data-element_type=\"widget\" data-e-type=\"widget\" data-widget_type=\"spacer.default\">\n\t\t\t\t<div class=\"elementor-widget-container\">\n\t\t\t\t\t\t\t<div class=\"elementor-spacer\">\n\t\t\t<div class=\"elementor-spacer-inner\"><\/div>\n\t\t<\/div>\n\t\t\t\t\t\t<\/div>\n\t\t\t\t<\/div>\n\t\t\t\t<div class=\"elementor-element elementor-element-2603605 elementor-widget elementor-widget-text-editor\" data-id=\"2603605\" data-element_type=\"widget\" data-e-type=\"widget\" data-widget_type=\"text-editor.default\">\n\t\t\t\t<div class=\"elementor-widget-container\">\n\t\t\t\t\t\t\t\t\t<p>The Librenmeta\u00ae collective supports everyone individually and collectively to discover their originality by getting out of their compartmentalized life patterns. <br>It is through this path of introspection that we can live in Meta - beyond the mind - in this acceptance of oneself, of the other and of one's environment.<\/p>\t\t\t\t\t\t\t\t<\/div>\n\t\t\t\t<\/div>\n\t\t\t\t<div class=\"elementor-element elementor-element-d617add elementor-widget elementor-widget-spacer\" data-id=\"d617add\" data-element_type=\"widget\" data-e-type=\"widget\" data-widget_type=\"spacer.default\">\n\t\t\t\t<div class=\"elementor-widget-container\">\n\t\t\t\t\t\t\t<div class=\"elementor-spacer\">\n\t\t\t<div class=\"elementor-spacer-inner\"><\/div>\n\t\t<\/div>\n\t\t\t\t\t\t<\/div>\n\t\t\t\t<\/div>\n\t\t\t\t\t<\/div>\n\t\t<\/div>\n\t\t\t\t\t<\/div>\n\t\t<\/section>\n\t\t\t\t<section class=\"elementor-section elementor-top-section elementor-element elementor-element-732bf2d elementor-section-stretched elementor-section-boxed elementor-section-height-default elementor-section-height-default\" data-id=\"732bf2d\" data-element_type=\"section\" data-e-type=\"section\" data-settings=\"{&quot;stretch_section&quot;:&quot;section-stretched&quot;,&quot;background_background&quot;:&quot;classic&quot;,&quot;animation&quot;:&quot;none&quot;,&quot;shape_divider_top&quot;:&quot;waves&quot;}\">\n\t\t\t\t\t\t\t<div class=\"elementor-background-overlay\"><\/div>\n\t\t\t\t\t\t<div class=\"elementor-shape elementor-shape-top\" aria-hidden=\"true\" data-negative=\"false\">\n\t\t\t<svg xmlns=\"http:\/\/www.w3.org\/2000\/svg\" viewbox=\"0 0 1000 100\" preserveaspectratio=\"none\">\n\t<path class=\"elementor-shape-fill\" d=\"M421.9,6.5c22.6-2.5,51.5,0.4,75.5,5.3c23.6,4.9,70.9,23.5,100.5,35.7c75.8,32.2,133.7,44.5,192.6,49.7\tc23.6,2.1,48.7,3.5,103.4-2.5c54.7-6,106.2-25.6,106.2-25.6V0H0v30.3c0,0,72,32.6,158.4,30.5c39.2-0.7,92.8-6.7,134-22.4\tc21.2-8.1,52.2-18.2,79.7-24.2C399.3,7.9,411.6,7.5,421.9,6.5z\"\/>\n<\/svg>\t\t<\/div>\n\t\t\t\t\t<div class=\"elementor-container elementor-column-gap-default\">\n\t\t\t\t\t<div class=\"elementor-column elementor-col-100 elementor-top-column elementor-element elementor-element-07e69ea\" data-id=\"07e69ea\" data-element_type=\"column\" data-e-type=\"column\">\n\t\t\t<div class=\"elementor-widget-wrap elementor-element-populated\">\n\t\t\t\t\t\t<section class=\"elementor-section elementor-inner-section elementor-element elementor-element-b885110 elementor-section-boxed elementor-section-height-default elementor-section-height-default\" data-id=\"b885110\" data-element_type=\"section\" data-e-type=\"section\">\n\t\t\t\t\t\t<div class=\"elementor-container elementor-column-gap-default\">\n\t\t\t\t\t<div class=\"elementor-column elementor-col-25 elementor-inner-column elementor-element elementor-element-f29d911\" data-id=\"f29d911\" data-element_type=\"column\" data-e-type=\"column\">\n\t\t\t<div class=\"elementor-widget-wrap elementor-element-populated\">\n\t\t\t\t\t\t<div class=\"elementor-element elementor-element-598ec85 elementor-widget elementor-widget-image\" data-id=\"598ec85\" data-element_type=\"widget\" data-e-type=\"widget\" data-widget_type=\"image.default\">\n\t\t\t\t<div class=\"elementor-widget-container\">\n\t\t\t\t\t\t\t\t\t\t\t\t\t\t\t<img fetchpriority=\"high\" decoding=\"async\" width=\"1024\" height=\"959\" src=\"https:\/\/www.librenmeta.org\/wp-content\/uploads\/2024\/09\/Bulle_Yoga2-1024x959.png\" class=\"attachment-large size-large wp-image-4600\" alt=\"\" srcset=\"https:\/\/www.librenmeta.org\/wp-content\/uploads\/2024\/09\/Bulle_Yoga2-1024x959.png 1024w, https:\/\/www.librenmeta.org\/wp-content\/uploads\/2024\/09\/Bulle_Yoga2-300x281.png 300w, https:\/\/www.librenmeta.org\/wp-content\/uploads\/2024\/09\/Bulle_Yoga2-768x719.png 768w, https:\/\/www.librenmeta.org\/wp-content\/uploads\/2024\/09\/Bulle_Yoga2-1536x1438.png 1536w, https:\/\/www.librenmeta.org\/wp-content\/uploads\/2024\/09\/Bulle_Yoga2-2048x1918.png 2048w, https:\/\/www.librenmeta.org\/wp-content\/uploads\/2024\/09\/Bulle_Yoga2-13x12.png 13w, https:\/\/www.librenmeta.org\/wp-content\/uploads\/2024\/09\/Bulle_Yoga2-1153x1080.png 1153w\" sizes=\"(max-width: 1024px) 100vw, 1024px\" \/>\t\t\t\t\t\t\t\t\t\t\t\t\t\t\t<\/div>\n\t\t\t\t<\/div>\n\t\t\t\t\t<\/div>\n\t\t<\/div>\n\t\t\t\t<div class=\"elementor-column elementor-col-25 elementor-inner-column elementor-element elementor-element-1f2f28f\" data-id=\"1f2f28f\" data-element_type=\"column\" data-e-type=\"column\">\n\t\t\t<div class=\"elementor-widget-wrap elementor-element-populated\">\n\t\t\t\t\t\t<div class=\"elementor-element elementor-element-bb4b625 elementor-widget elementor-widget-image\" data-id=\"bb4b625\" data-element_type=\"widget\" data-e-type=\"widget\" data-widget_type=\"image.default\">\n\t\t\t\t<div class=\"elementor-widget-container\">\n\t\t\t\t\t\t\t\t\t\t\t\t\t\t\t<img decoding=\"async\" width=\"1024\" height=\"959\" src=\"https:\/\/www.librenmeta.org\/wp-content\/uploads\/2024\/09\/Bulle_Art-1024x959.png\" class=\"attachment-large size-large wp-image-4597\" alt=\"\" srcset=\"https:\/\/www.librenmeta.org\/wp-content\/uploads\/2024\/09\/Bulle_Art-1024x959.png 1024w, https:\/\/www.librenmeta.org\/wp-content\/uploads\/2024\/09\/Bulle_Art-300x281.png 300w, https:\/\/www.librenmeta.org\/wp-content\/uploads\/2024\/09\/Bulle_Art-768x719.png 768w, https:\/\/www.librenmeta.org\/wp-content\/uploads\/2024\/09\/Bulle_Art-1536x1438.png 1536w, https:\/\/www.librenmeta.org\/wp-content\/uploads\/2024\/09\/Bulle_Art-2048x1918.png 2048w, https:\/\/www.librenmeta.org\/wp-content\/uploads\/2024\/09\/Bulle_Art-13x12.png 13w, https:\/\/www.librenmeta.org\/wp-content\/uploads\/2024\/09\/Bulle_Art-1153x1080.png 1153w\" sizes=\"(max-width: 1024px) 100vw, 1024px\" \/>\t\t\t\t\t\t\t\t\t\t\t\t\t\t\t<\/div>\n\t\t\t\t<\/div>\n\t\t\t\t\t<\/div>\n\t\t<\/div>\n\t\t\t\t<div class=\"elementor-column elementor-col-25 elementor-inner-column elementor-element elementor-element-19c3094\" data-id=\"19c3094\" data-element_type=\"column\" data-e-type=\"column\">\n\t\t\t<div class=\"elementor-widget-wrap elementor-element-populated\">\n\t\t\t\t\t\t<div class=\"elementor-element elementor-element-abbe071 elementor-widget elementor-widget-image\" data-id=\"abbe071\" data-element_type=\"widget\" data-e-type=\"widget\" data-widget_type=\"image.default\">\n\t\t\t\t<div class=\"elementor-widget-container\">\n\t\t\t\t\t\t\t\t\t\t\t\t\t\t\t<img decoding=\"async\" width=\"1024\" height=\"990\" src=\"https:\/\/www.librenmeta.org\/wp-content\/uploads\/2024\/10\/Bulle_Yoga-1-1024x990.png\" class=\"attachment-large size-large wp-image-4660\" alt=\"\" srcset=\"https:\/\/www.librenmeta.org\/wp-content\/uploads\/2024\/10\/Bulle_Yoga-1-1024x990.png 1024w, https:\/\/www.librenmeta.org\/wp-content\/uploads\/2024\/10\/Bulle_Yoga-1-300x290.png 300w, https:\/\/www.librenmeta.org\/wp-content\/uploads\/2024\/10\/Bulle_Yoga-1-768x743.png 768w, https:\/\/www.librenmeta.org\/wp-content\/uploads\/2024\/10\/Bulle_Yoga-1-1117x1080.png 1117w, https:\/\/www.librenmeta.org\/wp-content\/uploads\/2024\/10\/Bulle_Yoga-1.png 1344w\" sizes=\"(max-width: 1024px) 100vw, 1024px\" \/>\t\t\t\t\t\t\t\t\t\t\t\t\t\t\t<\/div>\n\t\t\t\t<\/div>\n\t\t\t\t\t<\/div>\n\t\t<\/div>\n\t\t\t\t<div class=\"elementor-column elementor-col-25 elementor-inner-column elementor-element elementor-element-fef7828\" data-id=\"fef7828\" data-element_type=\"column\" data-e-type=\"column\">\n\t\t\t<div class=\"elementor-widget-wrap elementor-element-populated\">\n\t\t\t\t\t\t<div class=\"elementor-element elementor-element-fc22192 elementor-widget elementor-widget-image\" data-id=\"fc22192\" data-element_type=\"widget\" data-e-type=\"widget\" data-widget_type=\"image.default\">\n\t\t\t\t<div class=\"elementor-widget-container\">\n\t\t\t\t\t\t\t\t\t\t\t\t\t\t\t<img loading=\"lazy\" decoding=\"async\" width=\"1024\" height=\"959\" src=\"https:\/\/www.librenmeta.org\/wp-content\/uploads\/2024\/09\/Bulle_Danse-1024x959.png\" class=\"attachment-large size-large wp-image-4598\" alt=\"\" srcset=\"https:\/\/www.librenmeta.org\/wp-content\/uploads\/2024\/09\/Bulle_Danse-1024x959.png 1024w, https:\/\/www.librenmeta.org\/wp-content\/uploads\/2024\/09\/Bulle_Danse-300x281.png 300w, https:\/\/www.librenmeta.org\/wp-content\/uploads\/2024\/09\/Bulle_Danse-768x719.png 768w, https:\/\/www.librenmeta.org\/wp-content\/uploads\/2024\/09\/Bulle_Danse-1536x1438.png 1536w, https:\/\/www.librenmeta.org\/wp-content\/uploads\/2024\/09\/Bulle_Danse-2048x1918.png 2048w, https:\/\/www.librenmeta.org\/wp-content\/uploads\/2024\/09\/Bulle_Danse-13x12.png 13w, https:\/\/www.librenmeta.org\/wp-content\/uploads\/2024\/09\/Bulle_Danse-1153x1080.png 1153w\" sizes=\"(max-width: 1024px) 100vw, 1024px\" \/>\t\t\t\t\t\t\t\t\t\t\t\t\t\t\t<\/div>\n\t\t\t\t<\/div>\n\t\t\t\t\t<\/div>\n\t\t<\/div>\n\t\t\t\t\t<\/div>\n\t\t<\/section>\n\t\t\t\t<div class=\"elementor-element elementor-element-4e9f15c elementor-hidden-mobile elementor-widget elementor-widget-spacer\" data-id=\"4e9f15c\" data-element_type=\"widget\" data-e-type=\"widget\" data-widget_type=\"spacer.default\">\n\t\t\t\t<div class=\"elementor-widget-container\">\n\t\t\t\t\t\t\t<div class=\"elementor-spacer\">\n\t\t\t<div class=\"elementor-spacer-inner\"><\/div>\n\t\t<\/div>\n\t\t\t\t\t\t<\/div>\n\t\t\t\t<\/div>\n\t\t\t\t<div class=\"elementor-element elementor-element-28aa58d elementor-widget elementor-widget-text-editor\" data-id=\"28aa58d\" data-element_type=\"widget\" data-e-type=\"widget\" data-widget_type=\"text-editor.default\">\n\t\t\t\t<div class=\"elementor-widget-container\">\n\t\t\t\t\t\t\t\t\t<p>Come and discover with our volunteers and certified members what Meta is, accessible to all, in sharing, through meetings, workshops, sessions...<\/p>\t\t\t\t\t\t\t\t<\/div>\n\t\t\t\t<\/div>\n\t\t\t\t<div class=\"elementor-element elementor-element-7647618 elementor-align-center elementor-widget elementor-widget-button\" data-id=\"7647618\" data-element_type=\"widget\" data-e-type=\"widget\" data-widget_type=\"button.default\">\n\t\t\t\t<div class=\"elementor-widget-container\">\n\t\t\t\t\t\t\t\t\t<div class=\"elementor-button-wrapper\">\n\t\t\t\t\t<a class=\"elementor-button elementor-button-link elementor-size-lg\" href=\"https:\/\/www.librenmeta.org\/en\/rencontres\/\">\n\t\t\t\t\t\t<span class=\"elementor-button-content-wrapper\">\n\t\t\t\t\t\t\t\t\t<span class=\"elementor-button-text\">MEETINGS<\/span>\n\t\t\t\t\t<\/span>\n\t\t\t\t\t<\/a>\n\t\t\t\t<\/div>\n\t\t\t\t\t\t\t\t<\/div>\n\t\t\t\t<\/div>\n\t\t\t\t<div class=\"elementor-element elementor-element-3cf4f23 elementor-hidden-mobile elementor-widget elementor-widget-spacer\" data-id=\"3cf4f23\" data-element_type=\"widget\" data-e-type=\"widget\" data-widget_type=\"spacer.default\">\n\t\t\t\t<div class=\"elementor-widget-container\">\n\t\t\t\t\t\t\t<div class=\"elementor-spacer\">\n\t\t\t<div class=\"elementor-spacer-inner\"><\/div>\n\t\t<\/div>\n\t\t\t\t\t\t<\/div>\n\t\t\t\t<\/div>\n\t\t\t\t<div class=\"elementor-element elementor-element-79552af elementor-widget elementor-widget-spacer\" data-id=\"79552af\" data-element_type=\"widget\" data-e-type=\"widget\" data-widget_type=\"spacer.default\">\n\t\t\t\t<div class=\"elementor-widget-container\">\n\t\t\t\t\t\t\t<div class=\"elementor-spacer\">\n\t\t\t<div class=\"elementor-spacer-inner\"><\/div>\n\t\t<\/div>\n\t\t\t\t\t\t<\/div>\n\t\t\t\t<\/div>\n\t\t\t\t\t<\/div>\n\t\t<\/div>\n\t\t\t\t\t<\/div>\n\t\t<\/section>\n\t\t\t\t<\/div>","protected":false},"excerpt":{"rendered":"<p>Librenmeta\u00ae est un rassemblement d\u2019\u00eatres qui s\u2019unissent autour d\u2019un d\u00e9nominateur commun qu\u2019est le don de soi. Accompagnants labellis\u00e9s et b\u00e9n\u00e9voles en transmission, tous \u0153uvrent activement dans cette \u00e9cole de la vie en Meta afin d\u2019\u00eatre soi-m\u00eame une pr\u00e9sence et un soutien \u00e0 celui qui aspire \u00e0 cette v\u00e9rit\u00e9 int\u00e9rieure. Le collectif Librenmeta\u00ae accompagne chacun individuellement&hellip; <br \/> <a class=\"read-more\" href=\"https:\/\/www.librenmeta.org\/en\/\">Read more<\/a><\/p>","protected":false},"author":1,"featured_media":0,"parent":0,"menu_order":0,"comment_status":"closed","ping_status":"closed","template":"","meta":{"footnotes":""},"class_list":["post-10","page","type-page","status-publish","hentry"],"yoast_head":"<!-- This site is optimized with the Yoast SEO plugin v27.2 - https:\/\/yoast.com\/product\/yoast-seo-wordpress\/ -->\n<title>Accueil - Librenmeta<\/title>\n<meta name=\"robots\" content=\"index, follow, max-snippet:-1, max-image-preview:large, max-video-preview:-1\" \/>\n<link rel=\"canonical\" href=\"https:\/\/www.librenmeta.org\/en\/\" \/>\n<meta property=\"og:locale\" content=\"en_GB\" \/>\n<meta property=\"og:type\" content=\"article\" \/>\n<meta property=\"og:title\" content=\"Accueil - Librenmeta\" \/>\n<meta property=\"og:description\" content=\"Librenmeta\u00ae est un rassemblement d\u2019\u00eatres qui s\u2019unissent autour d\u2019un d\u00e9nominateur commun qu\u2019est le don de soi. Accompagnants labellis\u00e9s et b\u00e9n\u00e9voles en transmission, tous \u0153uvrent activement dans cette \u00e9cole de la vie en Meta afin d\u2019\u00eatre soi-m\u00eame une pr\u00e9sence et un soutien \u00e0 celui qui aspire \u00e0 cette v\u00e9rit\u00e9 int\u00e9rieure. Le collectif Librenmeta\u00ae accompagne chacun individuellement&hellip; Read more\" \/>\n<meta property=\"og:url\" content=\"https:\/\/www.librenmeta.org\/en\/\" \/>\n<meta property=\"og:site_name\" content=\"Librenmeta\" \/>\n<meta property=\"article:modified_time\" content=\"2025-02-24T19:06:54+00:00\" \/>\n<meta property=\"og:image\" content=\"https:\/\/www.librenmeta.org\/wp-content\/uploads\/2024\/09\/Bulle_Yoga2-1024x959.png\" \/>\n\t<meta property=\"og:image:width\" content=\"1024\" \/>\n\t<meta property=\"og:image:height\" content=\"959\" \/>\n\t<meta property=\"og:image:type\" content=\"image\/png\" \/>\n<meta name=\"twitter:card\" content=\"summary_large_image\" \/>\n<meta name=\"twitter:label1\" content=\"Estimated reading time\" \/>\n\t<meta name=\"twitter:data1\" content=\"2 minutes\" \/>\n<script type=\"application\/ld+json\" class=\"yoast-schema-graph\">{\"@context\":\"https:\/\/schema.org\",\"@graph\":[{\"@type\":\"WebPage\",\"@id\":\"https:\/\/www.librenmeta.org\/\",\"url\":\"https:\/\/www.librenmeta.org\/\",\"name\":\"Accueil - Librenmeta\",\"isPartOf\":{\"@id\":\"https:\/\/www.librenmeta.org\/#website\"},\"primaryImageOfPage\":{\"@id\":\"https:\/\/www.librenmeta.org\/#primaryimage\"},\"image\":{\"@id\":\"https:\/\/www.librenmeta.org\/#primaryimage\"},\"thumbnailUrl\":\"https:\/\/www.librenmeta.org\/wp-content\/uploads\/2024\/09\/Bulle_Yoga2-1024x959.png\",\"datePublished\":\"2018-04-17T10:57:10+00:00\",\"dateModified\":\"2025-02-24T19:06:54+00:00\",\"breadcrumb\":{\"@id\":\"https:\/\/www.librenmeta.org\/#breadcrumb\"},\"inLanguage\":\"en-GB\",\"potentialAction\":[{\"@type\":\"ReadAction\",\"target\":[\"https:\/\/www.librenmeta.org\/\"]}]},{\"@type\":\"ImageObject\",\"inLanguage\":\"en-GB\",\"@id\":\"https:\/\/www.librenmeta.org\/#primaryimage\",\"url\":\"https:\/\/www.librenmeta.org\/wp-content\/uploads\/2024\/09\/Bulle_Yoga2-1024x959.png\",\"contentUrl\":\"https:\/\/www.librenmeta.org\/wp-content\/uploads\/2024\/09\/Bulle_Yoga2-1024x959.png\"},{\"@type\":\"BreadcrumbList\",\"@id\":\"https:\/\/www.librenmeta.org\/#breadcrumb\",\"itemListElement\":[{\"@type\":\"ListItem\",\"position\":1,\"name\":\"Accueil\",\"item\":\"https:\/\/www.librenmeta.org\/\"},{\"@type\":\"ListItem\",\"position\":2,\"name\":\"Accueil\"}]},{\"@type\":\"WebSite\",\"@id\":\"https:\/\/www.librenmeta.org\/#website\",\"url\":\"https:\/\/www.librenmeta.org\/\",\"name\":\"Librenmeta\",\"description\":\"La Libert\u00e9 d&#039;\u00catre Soi\",\"publisher\":{\"@id\":\"https:\/\/www.librenmeta.org\/#organization\"},\"potentialAction\":[{\"@type\":\"SearchAction\",\"target\":{\"@type\":\"EntryPoint\",\"urlTemplate\":\"https:\/\/www.librenmeta.org\/?s={search_term_string}\"},\"query-input\":{\"@type\":\"PropertyValueSpecification\",\"valueRequired\":true,\"valueName\":\"search_term_string\"}}],\"inLanguage\":\"en-GB\"},{\"@type\":\"Organization\",\"@id\":\"https:\/\/www.librenmeta.org\/#organization\",\"name\":\"Librenmeta\",\"url\":\"https:\/\/www.librenmeta.org\/\",\"logo\":{\"@type\":\"ImageObject\",\"inLanguage\":\"en-GB\",\"@id\":\"https:\/\/www.librenmeta.org\/#\/schema\/logo\/image\/\",\"url\":\"https:\/\/www.librenmeta.org\/wp-content\/uploads\/2025\/02\/cropped-cropped-logo-librenmeta.png\",\"contentUrl\":\"https:\/\/www.librenmeta.org\/wp-content\/uploads\/2025\/02\/cropped-cropped-logo-librenmeta.png\",\"width\":583,\"height\":298,\"caption\":\"Librenmeta\"},\"image\":{\"@id\":\"https:\/\/www.librenmeta.org\/#\/schema\/logo\/image\/\"}}]}<\/script>\n<!-- \/ Yoast SEO plugin. -->","yoast_head_json":{"title":"Accueil - Librenmeta","robots":{"index":"index","follow":"follow","max-snippet":"max-snippet:-1","max-image-preview":"max-image-preview:large","max-video-preview":"max-video-preview:-1"},"canonical":"https:\/\/www.librenmeta.org\/en\/","og_locale":"en_GB","og_type":"article","og_title":"Accueil - Librenmeta","og_description":"Librenmeta\u00ae est un rassemblement d\u2019\u00eatres qui s\u2019unissent autour d\u2019un d\u00e9nominateur commun qu\u2019est le don de soi. Accompagnants labellis\u00e9s et b\u00e9n\u00e9voles en transmission, tous \u0153uvrent activement dans cette \u00e9cole de la vie en Meta afin d\u2019\u00eatre soi-m\u00eame une pr\u00e9sence et un soutien \u00e0 celui qui aspire \u00e0 cette v\u00e9rit\u00e9 int\u00e9rieure. Le collectif Librenmeta\u00ae accompagne chacun individuellement&hellip; Read more","og_url":"https:\/\/www.librenmeta.org\/en\/","og_site_name":"Librenmeta","article_modified_time":"2025-02-24T19:06:54+00:00","og_image":[{"width":1024,"height":959,"url":"https:\/\/www.librenmeta.org\/wp-content\/uploads\/2024\/09\/Bulle_Yoga2-1024x959.png","type":"image\/png"}],"twitter_card":"summary_large_image","twitter_misc":{"Estimated reading time":"2 minutes"},"schema":{"@context":"https:\/\/schema.org","@graph":[{"@type":"WebPage","@id":"https:\/\/www.librenmeta.org\/","url":"https:\/\/www.librenmeta.org\/","name":"Accueil - Librenmeta","isPartOf":{"@id":"https:\/\/www.librenmeta.org\/#website"},"primaryImageOfPage":{"@id":"https:\/\/www.librenmeta.org\/#primaryimage"},"image":{"@id":"https:\/\/www.librenmeta.org\/#primaryimage"},"thumbnailUrl":"https:\/\/www.librenmeta.org\/wp-content\/uploads\/2024\/09\/Bulle_Yoga2-1024x959.png","datePublished":"2018-04-17T10:57:10+00:00","dateModified":"2025-02-24T19:06:54+00:00","breadcrumb":{"@id":"https:\/\/www.librenmeta.org\/#breadcrumb"},"inLanguage":"en-GB","potentialAction":[{"@type":"ReadAction","target":["https:\/\/www.librenmeta.org\/"]}]},{"@type":"ImageObject","inLanguage":"en-GB","@id":"https:\/\/www.librenmeta.org\/#primaryimage","url":"https:\/\/www.librenmeta.org\/wp-content\/uploads\/2024\/09\/Bulle_Yoga2-1024x959.png","contentUrl":"https:\/\/www.librenmeta.org\/wp-content\/uploads\/2024\/09\/Bulle_Yoga2-1024x959.png"},{"@type":"BreadcrumbList","@id":"https:\/\/www.librenmeta.org\/#breadcrumb","itemListElement":[{"@type":"ListItem","position":1,"name":"Accueil","item":"https:\/\/www.librenmeta.org\/"},{"@type":"ListItem","position":2,"name":"Accueil"}]},{"@type":"WebSite","@id":"https:\/\/www.librenmeta.org\/#website","url":"https:\/\/www.librenmeta.org\/","name":"Librenmeta","description":"La Libert\u00e9 d&#039;\u00catre Soi","publisher":{"@id":"https:\/\/www.librenmeta.org\/#organization"},"potentialAction":[{"@type":"SearchAction","target":{"@type":"EntryPoint","urlTemplate":"https:\/\/www.librenmeta.org\/?s={search_term_string}"},"query-input":{"@type":"PropertyValueSpecification","valueRequired":true,"valueName":"search_term_string"}}],"inLanguage":"en-GB"},{"@type":"Organization","@id":"https:\/\/www.librenmeta.org\/#organization","name":"Librenmeta","url":"https:\/\/www.librenmeta.org\/","logo":{"@type":"ImageObject","inLanguage":"en-GB","@id":"https:\/\/www.librenmeta.org\/#\/schema\/logo\/image\/","url":"https:\/\/www.librenmeta.org\/wp-content\/uploads\/2025\/02\/cropped-cropped-logo-librenmeta.png","contentUrl":"https:\/\/www.librenmeta.org\/wp-content\/uploads\/2025\/02\/cropped-cropped-logo-librenmeta.png","width":583,"height":298,"caption":"Librenmeta"},"image":{"@id":"https:\/\/www.librenmeta.org\/#\/schema\/logo\/image\/"}}]}},"_links":{"self":[{"href":"https:\/\/www.librenmeta.org\/en\/wp-json\/wp\/v2\/pages\/10","targetHints":{"allow":["GET"]}}],"collection":[{"href":"https:\/\/www.librenmeta.org\/en\/wp-json\/wp\/v2\/pages"}],"about":[{"href":"https:\/\/www.librenmeta.org\/en\/wp-json\/wp\/v2\/types\/page"}],"author":[{"embeddable":true,"href":"https:\/\/www.librenmeta.org\/en\/wp-json\/wp\/v2\/users\/1"}],"replies":[{"embeddable":true,"href":"https:\/\/www.librenmeta.org\/en\/wp-json\/wp\/v2\/comments?post=10"}],"version-history":[{"count":2,"href":"https:\/\/www.librenmeta.org\/en\/wp-json\/wp\/v2\/pages\/10\/revisions"}],"predecessor-version":[{"id":5230,"href":"https:\/\/www.librenmeta.org\/en\/wp-json\/wp\/v2\/pages\/10\/revisions\/5230"}],"wp:attachment":[{"href":"https:\/\/www.librenmeta.org\/en\/wp-json\/wp\/v2\/media?parent=10"}],"curies":[{"name":"wp","href":"https:\/\/api.w.org\/{rel}","templated":true}]}}