{"id":1307,"date":"2019-04-06T11:40:37","date_gmt":"2019-04-06T09:40:37","guid":{"rendered":"http:\/\/work.librenmeta.org\/?page_id=1307"},"modified":"2025-02-24T19:18:41","modified_gmt":"2025-02-24T18:18:41","slug":"contact","status":"publish","type":"page","link":"https:\/\/www.librenmeta.org\/en\/contact\/","title":{"rendered":"Contact"},"content":{"rendered":"<div data-elementor-type=\"wp-post\" data-elementor-id=\"1307\" class=\"elementor elementor-1307\">\n\t\t\t\t\t\t<section class=\"elementor-section elementor-top-section elementor-element elementor-element-03e7a55 elementor-section-boxed elementor-section-height-default elementor-section-height-default\" data-id=\"03e7a55\" data-element_type=\"section\" data-e-type=\"section\">\n\t\t\t\t\t\t<div class=\"elementor-container elementor-column-gap-default\">\n\t\t\t\t\t<div class=\"elementor-column elementor-col-100 elementor-top-column elementor-element elementor-element-bf416ef\" data-id=\"bf416ef\" data-element_type=\"column\" data-e-type=\"column\">\n\t\t\t<div class=\"elementor-widget-wrap\">\n\t\t\t\t\t\t\t<\/div>\n\t\t<\/div>\n\t\t\t\t\t<\/div>\n\t\t<\/section>\n\t\t\t\t<section class=\"elementor-section elementor-top-section elementor-element elementor-element-aa63368 elementor-section-stretched elementor-section-boxed elementor-section-height-default elementor-section-height-default\" data-id=\"aa63368\" data-element_type=\"section\" data-e-type=\"section\" data-settings=\"{&quot;stretch_section&quot;:&quot;section-stretched&quot;,&quot;background_background&quot;:&quot;classic&quot;}\">\n\t\t\t\t\t\t<div class=\"elementor-container elementor-column-gap-default\">\n\t\t\t\t\t<div class=\"elementor-column elementor-col-100 elementor-top-column elementor-element elementor-element-0b7f25b\" data-id=\"0b7f25b\" data-element_type=\"column\" data-e-type=\"column\">\n\t\t\t<div class=\"elementor-widget-wrap elementor-element-populated\">\n\t\t\t\t\t\t<div class=\"elementor-element elementor-element-93ad156 elementor-widget elementor-widget-spacer\" data-id=\"93ad156\" data-element_type=\"widget\" data-e-type=\"widget\" data-widget_type=\"spacer.default\">\n\t\t\t\t<div class=\"elementor-widget-container\">\n\t\t\t\t\t\t\t<div class=\"elementor-spacer\">\n\t\t\t<div class=\"elementor-spacer-inner\"><\/div>\n\t\t<\/div>\n\t\t\t\t\t\t<\/div>\n\t\t\t\t<\/div>\n\t\t\t\t<div class=\"elementor-element elementor-element-debfdd1 animated-fast elementor-widget elementor-widget-heading\" data-id=\"debfdd1\" data-element_type=\"widget\" data-e-type=\"widget\" data-settings=\"{&quot;_animation&quot;:&quot;none&quot;,&quot;_animation_delay&quot;:0,&quot;_animation_tablet&quot;:&quot;none&quot;}\" data-widget_type=\"heading.default\">\n\t\t\t\t<div class=\"elementor-widget-container\">\n\t\t\t\t\t<h2 class=\"elementor-heading-title elementor-size-default\">Contact us !<\/h2>\t\t\t\t<\/div>\n\t\t\t\t<\/div>\n\t\t\t\t\t<\/div>\n\t\t<\/div>\n\t\t\t\t\t<\/div>\n\t\t<\/section>\n\t\t\t\t<section class=\"elementor-section elementor-top-section elementor-element elementor-element-89ae754 elementor-section-stretched elementor-section-boxed elementor-section-height-default elementor-section-height-default\" data-id=\"89ae754\" data-element_type=\"section\" data-e-type=\"section\" data-settings=\"{&quot;stretch_section&quot;:&quot;section-stretched&quot;,&quot;background_background&quot;:&quot;classic&quot;}\">\n\t\t\t\t\t\t\t<div class=\"elementor-background-overlay\"><\/div>\n\t\t\t\t\t\t\t<div class=\"elementor-container elementor-column-gap-wider\">\n\t\t\t\t\t<div class=\"elementor-column elementor-col-50 elementor-top-column elementor-element elementor-element-5c704a8\" data-id=\"5c704a8\" data-element_type=\"column\" data-e-type=\"column\" data-settings=\"{&quot;background_background&quot;:&quot;gradient&quot;}\">\n\t\t\t<div class=\"elementor-widget-wrap elementor-element-populated\">\n\t\t\t\t\t\t<div class=\"elementor-element elementor-element-a40569e elementor-widget elementor-widget-spacer\" data-id=\"a40569e\" data-element_type=\"widget\" data-e-type=\"widget\" data-widget_type=\"spacer.default\">\n\t\t\t\t<div class=\"elementor-widget-container\">\n\t\t\t\t\t\t\t<div class=\"elementor-spacer\">\n\t\t\t<div class=\"elementor-spacer-inner\"><\/div>\n\t\t<\/div>\n\t\t\t\t\t\t<\/div>\n\t\t\t\t<\/div>\n\t\t\t\t<div class=\"elementor-element elementor-element-23225a1 elementor-widget elementor-widget-text-editor\" data-id=\"23225a1\" data-element_type=\"widget\" data-e-type=\"widget\" data-widget_type=\"text-editor.default\">\n\t\t\t\t<div class=\"elementor-widget-container\">\n\t\t\t\t\t\t\t\t\tLes rendez-vous pour les <strong>Meta Accompagnements\u00ae<\/strong> se prennent<br>uniquement par <span style=\"text-decoration: underline;\">telephone<\/span><br>le Lundi, Mercredi, Jeudi\net Vendredi de <span style=\"text-decoration: underline;\">9 a.m. to 12 p.m.<\/span> :\t\t\t\t\t\t\t\t<\/div>\n\t\t\t\t<\/div>\n\t\t\t\t<div class=\"elementor-element elementor-element-063666b elementor-widget elementor-widget-heading\" data-id=\"063666b\" data-element_type=\"widget\" data-e-type=\"widget\" data-widget_type=\"heading.default\">\n\t\t\t\t<div class=\"elementor-widget-container\">\n\t\t\t\t\t<h2 class=\"elementor-heading-title elementor-size-default\">06 79 64 64 57<\/h2>\t\t\t\t<\/div>\n\t\t\t\t<\/div>\n\t\t\t\t<div class=\"elementor-element elementor-element-badff45 elementor-widget elementor-widget-text-editor\" data-id=\"badff45\" data-element_type=\"widget\" data-e-type=\"widget\" data-widget_type=\"text-editor.default\">\n\t\t\t\t<div class=\"elementor-widget-container\">\n\t\t\t\t\t\t\t\t\t<p>Les inscriptions aux <strong>Ateliers<\/strong>, aux <strong>Groupes de Paroles<\/strong> et aux <strong>S\u00e9ances d&rsquo;\u00e9coute de la Meta Music\u00ae<\/strong> se prennent par <span style=\"text-decoration: underline;\">email<\/span> :<\/p>\t\t\t\t\t\t\t\t<\/div>\n\t\t\t\t<\/div>\n\t\t\t\t<div class=\"elementor-element elementor-element-774136d elementor-widget elementor-widget-heading\" data-id=\"774136d\" data-element_type=\"widget\" data-e-type=\"widget\" data-widget_type=\"heading.default\">\n\t\t\t\t<div class=\"elementor-widget-container\">\n\t\t\t\t\t<h2 class=\"elementor-heading-title elementor-size-default\"><a href=\"mailto:%20contact@pegase.org\">contact@librenmeta.org<\/a><\/h2>\t\t\t\t<\/div>\n\t\t\t\t<\/div>\n\t\t\t\t<div class=\"elementor-element elementor-element-8cd6f63 eael-contact-form-7-button-align-right eael-contact-form-7-button-align-right eael-contact-form-7-button-align-right eael-contact-form-7-button-custom elementor-widget elementor-widget-eael-contact-form-7\" data-id=\"8cd6f63\" data-element_type=\"widget\" data-e-type=\"widget\" data-widget_type=\"eael-contact-form-7.default\">\n\t\t\t\t<div class=\"elementor-widget-container\">\n\t\t\t\t\t<div class=\"eael-contact-form-7-wrapper\">\n                <div class=\"eael-contact-form eael-contact-form-7 eael-contact-form-8cd6f63 placeholder-show eael-contact-form-align-left\">\n<div class=\"wpcf7 no-js\" id=\"wpcf7-f463-o1\" lang=\"fr-FR\" dir=\"ltr\" data-wpcf7-id=\"463\">\n<div class=\"screen-reader-response\"><p role=\"status\" aria-live=\"polite\" aria-atomic=\"true\"><\/p> <ul><\/ul><\/div>\n<form action=\"\/en\/wp-json\/wp\/v2\/pages\/1307#wpcf7-f463-o1\" method=\"post\" class=\"wpcf7-form init\" aria-label=\"Formulaire de contact\" novalidate=\"novalidate\" data-status=\"init\" data-trp-original-action=\"\/en\/wp-json\/wp\/v2\/pages\/1307#wpcf7-f463-o1\">\n<fieldset class=\"hidden-fields-container\"><input type=\"hidden\" name=\"_wpcf7\" value=\"463\" \/><input type=\"hidden\" name=\"_wpcf7_version\" value=\"6.1.5\" \/><input type=\"hidden\" name=\"_wpcf7_locale\" value=\"fr_FR\" \/><input type=\"hidden\" name=\"_wpcf7_unit_tag\" value=\"wpcf7-f463-o1\" \/><input type=\"hidden\" name=\"_wpcf7_container_post\" value=\"0\" \/><input type=\"hidden\" name=\"_wpcf7_posted_data_hash\" value=\"\" \/><input type=\"hidden\" name=\"_wpcf7_recaptcha_response\" value=\"\" \/>\n<\/fieldset>\n<p><span class=\"wpcf7-form-control-wrap\" data-name=\"your-name\"><input size=\"40\" maxlength=\"400\" class=\"wpcf7-form-control wpcf7-text wpcf7-validates-as-required\" aria-required=\"true\" aria-invalid=\"false\" placeholder=\"Name\" value=\"\" type=\"text\" name=\"your-name\" \/><\/span>\n<\/p>\n<p><span class=\"wpcf7-form-control-wrap\" data-name=\"your-email\"><input size=\"40\" maxlength=\"400\" class=\"wpcf7-form-control wpcf7-email wpcf7-validates-as-required wpcf7-text wpcf7-validates-as-email\" aria-required=\"true\" aria-invalid=\"false\" placeholder=\"Email adress\" value=\"\" type=\"email\" name=\"your-email\" \/><\/span>\n<\/p>\n<p><span class=\"wpcf7-form-control-wrap\" data-name=\"your-subject\"><input size=\"40\" maxlength=\"400\" class=\"wpcf7-form-control wpcf7-text\" aria-invalid=\"false\" placeholder=\"Object\" value=\"\" type=\"text\" name=\"your-subject\" \/><\/span>\n<\/p>\n<p><span class=\"wpcf7-form-control-wrap\" data-name=\"your-message\"><textarea cols=\"40\" rows=\"3\" maxlength=\"2000\" class=\"wpcf7-form-control wpcf7-textarea\" aria-invalid=\"false\" placeholder=\"Message\" name=\"your-message\"><\/textarea><\/span>\n<\/p>\n\n<p><input class=\"wpcf7-form-control wpcf7-submit has-spinner\" type=\"submit\" value=\"Send\" \/>\n<\/p><p style=\"display: none !important;\" class=\"akismet-fields-container\" data-prefix=\"_wpcf7_ak_\"><label>&#916;<textarea name=\"_wpcf7_ak_hp_textarea\" cols=\"45\" rows=\"8\" maxlength=\"100\"><\/textarea><\/label><input type=\"hidden\" id=\"ak_js_1\" name=\"_wpcf7_ak_js\" value=\"33\"\/><script>document.getElementById( \"ak_js_1\" ).setAttribute( \"value\", ( new Date() ).getTime() );<\/script><\/p><div class=\"wpcf7-response-output\" aria-hidden=\"true\"><\/div>\n<input type=\"hidden\" name=\"trp-form-language\" value=\"en\"\/><\/form>\n<\/div>\n<\/div>\n            <\/div>\t\t\t\t<\/div>\n\t\t\t\t<\/div>\n\t\t\t\t<div class=\"elementor-element elementor-element-0498280 elementor-hidden-desktop elementor-hidden-mobile elementor-widget elementor-widget-spacer\" data-id=\"0498280\" data-element_type=\"widget\" data-e-type=\"widget\" data-widget_type=\"spacer.default\">\n\t\t\t\t<div class=\"elementor-widget-container\">\n\t\t\t\t\t\t\t<div class=\"elementor-spacer\">\n\t\t\t<div class=\"elementor-spacer-inner\"><\/div>\n\t\t<\/div>\n\t\t\t\t\t\t<\/div>\n\t\t\t\t<\/div>\n\t\t\t\t\t<\/div>\n\t\t<\/div>\n\t\t\t\t<div class=\"elementor-column elementor-col-50 elementor-top-column elementor-element elementor-element-b1d6220\" data-id=\"b1d6220\" data-element_type=\"column\" data-e-type=\"column\" data-settings=\"{&quot;background_background&quot;:&quot;classic&quot;}\">\n\t\t\t<div class=\"elementor-widget-wrap elementor-element-populated\">\n\t\t\t\t\t\t<div class=\"elementor-element elementor-element-4fa197c elementor-invisible elementor-widget elementor-widget-image\" data-id=\"4fa197c\" data-element_type=\"widget\" data-e-type=\"widget\" data-settings=\"{&quot;_animation&quot;:&quot;fadeInUp&quot;,&quot;_animation_delay&quot;:400}\" data-widget_type=\"image.default\">\n\t\t\t\t<div class=\"elementor-widget-container\">\n\t\t\t\t\t\t\t\t\t\t\t\t\t\t\t<img fetchpriority=\"high\" decoding=\"async\" width=\"768\" height=\"768\" src=\"https:\/\/www.librenmeta.org\/wp-content\/uploads\/2024\/03\/C99777AA-727F-46BB-8DBE-45F2DD939874_1_105_c-1.jpeg\" class=\"attachment-large size-large wp-image-3936\" alt=\"\" srcset=\"https:\/\/www.librenmeta.org\/wp-content\/uploads\/2024\/03\/C99777AA-727F-46BB-8DBE-45F2DD939874_1_105_c-1.jpeg 768w, https:\/\/www.librenmeta.org\/wp-content\/uploads\/2024\/03\/C99777AA-727F-46BB-8DBE-45F2DD939874_1_105_c-1-300x300.jpeg 300w, https:\/\/www.librenmeta.org\/wp-content\/uploads\/2024\/03\/C99777AA-727F-46BB-8DBE-45F2DD939874_1_105_c-1-150x150.jpeg 150w, https:\/\/www.librenmeta.org\/wp-content\/uploads\/2024\/03\/C99777AA-727F-46BB-8DBE-45F2DD939874_1_105_c-1-12x12.jpeg 12w\" sizes=\"(max-width: 768px) 100vw, 768px\" \/>\t\t\t\t\t\t\t\t\t\t\t\t\t\t\t<\/div>\n\t\t\t\t<\/div>\n\t\t\t\t<div class=\"elementor-element elementor-element-3c5f42d elementor-invisible elementor-widget elementor-widget-image\" data-id=\"3c5f42d\" data-element_type=\"widget\" data-e-type=\"widget\" data-settings=\"{&quot;_animation&quot;:&quot;fadeInUp&quot;,&quot;_animation_delay&quot;:200}\" data-widget_type=\"image.default\">\n\t\t\t\t<div class=\"elementor-widget-container\">\n\t\t\t\t\t\t\t\t\t\t\t\t\t\t\t<img decoding=\"async\" src=\"https:\/\/www.librenmeta.org\/wp-content\/uploads\/2023\/10\/1140792.JPG2_.jpg\" title=\"\" alt=\"\" loading=\"lazy\" \/>\t\t\t\t\t\t\t\t\t\t\t\t\t\t\t<\/div>\n\t\t\t\t<\/div>\n\t\t\t\t<div class=\"elementor-element elementor-element-6b241a4 elementor-invisible elementor-widget elementor-widget-image\" data-id=\"6b241a4\" data-element_type=\"widget\" data-e-type=\"widget\" data-settings=\"{&quot;_animation&quot;:&quot;fadeInUp&quot;}\" data-widget_type=\"image.default\">\n\t\t\t\t<div class=\"elementor-widget-container\">\n\t\t\t\t\t\t\t\t\t\t\t\t\t\t\t<img decoding=\"async\" width=\"1024\" height=\"1024\" src=\"https:\/\/www.librenmeta.org\/wp-content\/uploads\/2024\/09\/IMG_023g2-1024x1024.jpeg\" class=\"attachment-large size-large wp-image-4483\" alt=\"\" srcset=\"https:\/\/www.librenmeta.org\/wp-content\/uploads\/2024\/09\/IMG_023g2-1024x1024.jpeg 1024w, https:\/\/www.librenmeta.org\/wp-content\/uploads\/2024\/09\/IMG_023g2-300x300.jpeg 300w, https:\/\/www.librenmeta.org\/wp-content\/uploads\/2024\/09\/IMG_023g2-150x150.jpeg 150w, https:\/\/www.librenmeta.org\/wp-content\/uploads\/2024\/09\/IMG_023g2-768x768.jpeg 768w, https:\/\/www.librenmeta.org\/wp-content\/uploads\/2024\/09\/IMG_023g2-1536x1536.jpeg 1536w, https:\/\/www.librenmeta.org\/wp-content\/uploads\/2024\/09\/IMG_023g2-2048x2048.jpeg 2048w, https:\/\/www.librenmeta.org\/wp-content\/uploads\/2024\/09\/IMG_023g2-12x12.jpeg 12w, https:\/\/www.librenmeta.org\/wp-content\/uploads\/2024\/09\/IMG_023g2-1080x1080.jpeg 1080w\" sizes=\"(max-width: 1024px) 100vw, 1024px\" \/>\t\t\t\t\t\t\t\t\t\t\t\t\t\t\t<\/div>\n\t\t\t\t<\/div>\n\t\t\t\t\t<\/div>\n\t\t<\/div>\n\t\t\t\t\t<\/div>\n\t\t<\/section>\n\t\t\t\t<\/div>","protected":false},"excerpt":{"rendered":"<p>Contactez-nous ! Les rendez-vous pour les Meta Accompagnements\u00ae se prennentuniquement par t\u00e9l\u00e9phonele Lundi, Mercredi, Jeudi et Vendredi de 9h \u00e0 12h : 06 79 64 64 57 Les inscriptions aux Ateliers, aux Groupes de Paroles et aux S\u00e9ances d&rsquo;\u00e9coute de la Meta Music\u00ae se prennent par mail : contact@librenmeta.org &#916;<\/p>","protected":false},"author":1,"featured_media":0,"parent":0,"menu_order":0,"comment_status":"closed","ping_status":"closed","template":"","meta":{"footnotes":""},"class_list":["post-1307","page","type-page","status-publish","hentry"],"yoast_head":"<!-- This site is optimized with the Yoast SEO plugin v27.2 - https:\/\/yoast.com\/product\/yoast-seo-wordpress\/ -->\n<title>Contact - Librenmeta<\/title>\n<meta name=\"robots\" content=\"index, follow, max-snippet:-1, max-image-preview:large, max-video-preview:-1\" \/>\n<link rel=\"canonical\" href=\"https:\/\/www.librenmeta.org\/en\/contact\/\" \/>\n<meta property=\"og:locale\" content=\"en_GB\" \/>\n<meta property=\"og:type\" content=\"article\" \/>\n<meta property=\"og:title\" content=\"Contact - Librenmeta\" \/>\n<meta property=\"og:description\" content=\"Contactez-nous ! Les rendez-vous pour les Meta Accompagnements\u00ae se prennentuniquement par t\u00e9l\u00e9phonele Lundi, Mercredi, Jeudi et Vendredi de 9h \u00e0 12h : 06 79 64 64 57 Les inscriptions aux Ateliers, aux Groupes de Paroles et aux S\u00e9ances d&rsquo;\u00e9coute de la Meta Music\u00ae se prennent par mail : contact@librenmeta.org &#916;\" \/>\n<meta property=\"og:url\" content=\"https:\/\/www.librenmeta.org\/en\/contact\/\" \/>\n<meta property=\"og:site_name\" content=\"Librenmeta\" \/>\n<meta property=\"article:modified_time\" content=\"2025-02-24T18:18:41+00:00\" \/>\n<meta property=\"og:image\" content=\"https:\/\/www.librenmeta.org\/wp-content\/uploads\/2024\/03\/C99777AA-727F-46BB-8DBE-45F2DD939874_1_105_c-1.jpeg\" \/>\n\t<meta property=\"og:image:width\" content=\"768\" \/>\n\t<meta property=\"og:image:height\" content=\"768\" \/>\n\t<meta property=\"og:image:type\" content=\"image\/jpeg\" \/>\n<meta name=\"twitter:card\" content=\"summary_large_image\" \/>\n<meta name=\"twitter:label1\" content=\"Estimated reading time\" \/>\n\t<meta name=\"twitter:data1\" content=\"1 minute\" \/>\n<script type=\"application\/ld+json\" class=\"yoast-schema-graph\">{\"@context\":\"https:\/\/schema.org\",\"@graph\":[{\"@type\":\"WebPage\",\"@id\":\"https:\/\/www.librenmeta.org\/contact\/\",\"url\":\"https:\/\/www.librenmeta.org\/contact\/\",\"name\":\"Contact - Librenmeta\",\"isPartOf\":{\"@id\":\"https:\/\/www.librenmeta.org\/#website\"},\"primaryImageOfPage\":{\"@id\":\"https:\/\/www.librenmeta.org\/contact\/#primaryimage\"},\"image\":{\"@id\":\"https:\/\/www.librenmeta.org\/contact\/#primaryimage\"},\"thumbnailUrl\":\"https:\/\/www.librenmeta.org\/wp-content\/uploads\/2024\/03\/C99777AA-727F-46BB-8DBE-45F2DD939874_1_105_c-1.jpeg\",\"datePublished\":\"2019-04-06T09:40:37+00:00\",\"dateModified\":\"2025-02-24T18:18:41+00:00\",\"breadcrumb\":{\"@id\":\"https:\/\/www.librenmeta.org\/contact\/#breadcrumb\"},\"inLanguage\":\"en-GB\",\"potentialAction\":[{\"@type\":\"ReadAction\",\"target\":[\"https:\/\/www.librenmeta.org\/contact\/\"]}]},{\"@type\":\"ImageObject\",\"inLanguage\":\"en-GB\",\"@id\":\"https:\/\/www.librenmeta.org\/contact\/#primaryimage\",\"url\":\"https:\/\/www.librenmeta.org\/wp-content\/uploads\/2024\/03\/C99777AA-727F-46BB-8DBE-45F2DD939874_1_105_c-1.jpeg\",\"contentUrl\":\"https:\/\/www.librenmeta.org\/wp-content\/uploads\/2024\/03\/C99777AA-727F-46BB-8DBE-45F2DD939874_1_105_c-1.jpeg\"},{\"@type\":\"BreadcrumbList\",\"@id\":\"https:\/\/www.librenmeta.org\/contact\/#breadcrumb\",\"itemListElement\":[{\"@type\":\"ListItem\",\"position\":1,\"name\":\"Accueil\",\"item\":\"https:\/\/www.librenmeta.org\/\"},{\"@type\":\"ListItem\",\"position\":2,\"name\":\"Contact\"}]},{\"@type\":\"WebSite\",\"@id\":\"https:\/\/www.librenmeta.org\/#website\",\"url\":\"https:\/\/www.librenmeta.org\/\",\"name\":\"Librenmeta\",\"description\":\"La Libert\u00e9 d&#039;\u00catre Soi\",\"publisher\":{\"@id\":\"https:\/\/www.librenmeta.org\/#organization\"},\"potentialAction\":[{\"@type\":\"SearchAction\",\"target\":{\"@type\":\"EntryPoint\",\"urlTemplate\":\"https:\/\/www.librenmeta.org\/?s={search_term_string}\"},\"query-input\":{\"@type\":\"PropertyValueSpecification\",\"valueRequired\":true,\"valueName\":\"search_term_string\"}}],\"inLanguage\":\"en-GB\"},{\"@type\":\"Organization\",\"@id\":\"https:\/\/www.librenmeta.org\/#organization\",\"name\":\"Librenmeta\",\"url\":\"https:\/\/www.librenmeta.org\/\",\"logo\":{\"@type\":\"ImageObject\",\"inLanguage\":\"en-GB\",\"@id\":\"https:\/\/www.librenmeta.org\/#\/schema\/logo\/image\/\",\"url\":\"https:\/\/www.librenmeta.org\/wp-content\/uploads\/2025\/02\/cropped-cropped-logo-librenmeta.png\",\"contentUrl\":\"https:\/\/www.librenmeta.org\/wp-content\/uploads\/2025\/02\/cropped-cropped-logo-librenmeta.png\",\"width\":583,\"height\":298,\"caption\":\"Librenmeta\"},\"image\":{\"@id\":\"https:\/\/www.librenmeta.org\/#\/schema\/logo\/image\/\"}}]}<\/script>\n<!-- \/ Yoast SEO plugin. -->","yoast_head_json":{"title":"Contact - Librenmeta","robots":{"index":"index","follow":"follow","max-snippet":"max-snippet:-1","max-image-preview":"max-image-preview:large","max-video-preview":"max-video-preview:-1"},"canonical":"https:\/\/www.librenmeta.org\/en\/contact\/","og_locale":"en_GB","og_type":"article","og_title":"Contact - Librenmeta","og_description":"Contactez-nous ! Les rendez-vous pour les Meta Accompagnements\u00ae se prennentuniquement par t\u00e9l\u00e9phonele Lundi, Mercredi, Jeudi et Vendredi de 9h \u00e0 12h : 06 79 64 64 57 Les inscriptions aux Ateliers, aux Groupes de Paroles et aux S\u00e9ances d&rsquo;\u00e9coute de la Meta Music\u00ae se prennent par mail : contact@librenmeta.org &#916;","og_url":"https:\/\/www.librenmeta.org\/en\/contact\/","og_site_name":"Librenmeta","article_modified_time":"2025-02-24T18:18:41+00:00","og_image":[{"width":768,"height":768,"url":"https:\/\/www.librenmeta.org\/wp-content\/uploads\/2024\/03\/C99777AA-727F-46BB-8DBE-45F2DD939874_1_105_c-1.jpeg","type":"image\/jpeg"}],"twitter_card":"summary_large_image","twitter_misc":{"Estimated reading time":"1 minute"},"schema":{"@context":"https:\/\/schema.org","@graph":[{"@type":"WebPage","@id":"https:\/\/www.librenmeta.org\/contact\/","url":"https:\/\/www.librenmeta.org\/contact\/","name":"Contact - Librenmeta","isPartOf":{"@id":"https:\/\/www.librenmeta.org\/#website"},"primaryImageOfPage":{"@id":"https:\/\/www.librenmeta.org\/contact\/#primaryimage"},"image":{"@id":"https:\/\/www.librenmeta.org\/contact\/#primaryimage"},"thumbnailUrl":"https:\/\/www.librenmeta.org\/wp-content\/uploads\/2024\/03\/C99777AA-727F-46BB-8DBE-45F2DD939874_1_105_c-1.jpeg","datePublished":"2019-04-06T09:40:37+00:00","dateModified":"2025-02-24T18:18:41+00:00","breadcrumb":{"@id":"https:\/\/www.librenmeta.org\/contact\/#breadcrumb"},"inLanguage":"en-GB","potentialAction":[{"@type":"ReadAction","target":["https:\/\/www.librenmeta.org\/contact\/"]}]},{"@type":"ImageObject","inLanguage":"en-GB","@id":"https:\/\/www.librenmeta.org\/contact\/#primaryimage","url":"https:\/\/www.librenmeta.org\/wp-content\/uploads\/2024\/03\/C99777AA-727F-46BB-8DBE-45F2DD939874_1_105_c-1.jpeg","contentUrl":"https:\/\/www.librenmeta.org\/wp-content\/uploads\/2024\/03\/C99777AA-727F-46BB-8DBE-45F2DD939874_1_105_c-1.jpeg"},{"@type":"BreadcrumbList","@id":"https:\/\/www.librenmeta.org\/contact\/#breadcrumb","itemListElement":[{"@type":"ListItem","position":1,"name":"Accueil","item":"https:\/\/www.librenmeta.org\/"},{"@type":"ListItem","position":2,"name":"Contact"}]},{"@type":"WebSite","@id":"https:\/\/www.librenmeta.org\/#website","url":"https:\/\/www.librenmeta.org\/","name":"Librenmeta","description":"La Libert\u00e9 d&#039;\u00catre Soi","publisher":{"@id":"https:\/\/www.librenmeta.org\/#organization"},"potentialAction":[{"@type":"SearchAction","target":{"@type":"EntryPoint","urlTemplate":"https:\/\/www.librenmeta.org\/?s={search_term_string}"},"query-input":{"@type":"PropertyValueSpecification","valueRequired":true,"valueName":"search_term_string"}}],"inLanguage":"en-GB"},{"@type":"Organization","@id":"https:\/\/www.librenmeta.org\/#organization","name":"Librenmeta","url":"https:\/\/www.librenmeta.org\/","logo":{"@type":"ImageObject","inLanguage":"en-GB","@id":"https:\/\/www.librenmeta.org\/#\/schema\/logo\/image\/","url":"https:\/\/www.librenmeta.org\/wp-content\/uploads\/2025\/02\/cropped-cropped-logo-librenmeta.png","contentUrl":"https:\/\/www.librenmeta.org\/wp-content\/uploads\/2025\/02\/cropped-cropped-logo-librenmeta.png","width":583,"height":298,"caption":"Librenmeta"},"image":{"@id":"https:\/\/www.librenmeta.org\/#\/schema\/logo\/image\/"}}]}},"_links":{"self":[{"href":"https:\/\/www.librenmeta.org\/en\/wp-json\/wp\/v2\/pages\/1307","targetHints":{"allow":["GET"]}}],"collection":[{"href":"https:\/\/www.librenmeta.org\/en\/wp-json\/wp\/v2\/pages"}],"about":[{"href":"https:\/\/www.librenmeta.org\/en\/wp-json\/wp\/v2\/types\/page"}],"author":[{"embeddable":true,"href":"https:\/\/www.librenmeta.org\/en\/wp-json\/wp\/v2\/users\/1"}],"replies":[{"embeddable":true,"href":"https:\/\/www.librenmeta.org\/en\/wp-json\/wp\/v2\/comments?post=1307"}],"version-history":[{"count":2,"href":"https:\/\/www.librenmeta.org\/en\/wp-json\/wp\/v2\/pages\/1307\/revisions"}],"predecessor-version":[{"id":5192,"href":"https:\/\/www.librenmeta.org\/en\/wp-json\/wp\/v2\/pages\/1307\/revisions\/5192"}],"wp:attachment":[{"href":"https:\/\/www.librenmeta.org\/en\/wp-json\/wp\/v2\/media?parent=1307"}],"curies":[{"name":"wp","href":"https:\/\/api.w.org\/{rel}","templated":true}]}}