{"id":2706,"date":"2021-10-29T17:30:17","date_gmt":"2021-10-29T15:30:17","guid":{"rendered":"https:\/\/www.librenmeta.org\/?page_id=2706"},"modified":"2025-03-23T16:53:00","modified_gmt":"2025-03-23T15:53:00","slug":"donation-tarification","status":"publish","type":"page","link":"https:\/\/www.librenmeta.org\/en\/donation-tarification\/","title":{"rendered":"Donation &amp; Prices"},"content":{"rendered":"<div data-elementor-type=\"wp-page\" data-elementor-id=\"2706\" class=\"elementor elementor-2706\">\n\t\t\t\t<div class=\"elementor-element elementor-element-7675dba e-flex e-con-boxed e-con e-parent\" data-id=\"7675dba\" data-element_type=\"container\" data-e-type=\"container\" data-settings=\"{&quot;background_background&quot;:&quot;classic&quot;}\">\n\t\t\t\t\t<div class=\"e-con-inner\">\n\t\t<div class=\"elementor-element elementor-element-932b6cf e-con-full e-flex e-con e-child\" data-id=\"932b6cf\" data-element_type=\"container\" data-e-type=\"container\">\n\t\t\t\t<div class=\"elementor-element elementor-element-116750c animated-fast elementor-widget elementor-widget-heading\" data-id=\"116750c\" data-element_type=\"widget\" data-e-type=\"widget\" data-settings=\"{&quot;_animation_delay&quot;:0,&quot;_animation&quot;:&quot;none&quot;,&quot;_animation_tablet&quot;:&quot;none&quot;}\" data-widget_type=\"heading.default\">\n\t\t\t\t<div class=\"elementor-widget-container\">\n\t\t\t\t\t<h2 class=\"elementor-heading-title elementor-size-default\">Donation &amp; Prices<\/h2>\t\t\t\t<\/div>\n\t\t\t\t<\/div>\n\t\t\t\t<div class=\"elementor-element elementor-element-b6d3b0b animated-fast elementor-widget elementor-widget-text-editor\" data-id=\"b6d3b0b\" data-element_type=\"widget\" data-e-type=\"widget\" data-settings=\"{&quot;_animation_delay&quot;:2000,&quot;_animation_mobile&quot;:&quot;none&quot;,&quot;_animation&quot;:&quot;none&quot;}\" data-widget_type=\"text-editor.default\">\n\t\t\t\t<div class=\"elementor-widget-container\">\n\t\t\t\t\t\t\t\t\tLibrenmeta\u00ae is an association that aims to be as close to donation as possible.<br>In this fairness of responsible and conscious financial participation, the association offers various possibilities to experience these \"monetary\" exchanges differently.\t\t\t\t\t\t\t\t<\/div>\n\t\t\t\t<\/div>\n\t\t\t\t<\/div>\n\t\t\t\t\t<\/div>\n\t\t\t\t<\/div>\n\t\t<div class=\"elementor-element elementor-element-4627e49 e-flex e-con-boxed e-con e-parent\" data-id=\"4627e49\" data-element_type=\"container\" data-e-type=\"container\" data-settings=\"{&quot;background_background&quot;:&quot;gradient&quot;}\">\n\t\t\t\t\t<div class=\"e-con-inner\">\n\t\t<div class=\"elementor-element elementor-element-dab7d31 e-con-full e-flex e-con e-child\" data-id=\"dab7d31\" data-element_type=\"container\" data-e-type=\"container\" data-settings=\"{&quot;background_background&quot;:&quot;classic&quot;}\">\n\t\t\t\t<div class=\"elementor-element elementor-element-a769c77 elementor-widget elementor-widget-heading\" data-id=\"a769c77\" data-element_type=\"widget\" data-e-type=\"widget\" data-widget_type=\"heading.default\">\n\t\t\t\t<div class=\"elementor-widget-container\">\n\t\t\t\t\t<h2 class=\"elementor-heading-title elementor-size-default\">From fixed donation to conscious donation<\/h2>\t\t\t\t<\/div>\n\t\t\t\t<\/div>\n\t\t\t\t<div class=\"elementor-element elementor-element-3d5f9dd animated-fast elementor-widget elementor-widget-text-editor\" data-id=\"3d5f9dd\" data-element_type=\"widget\" data-e-type=\"widget\" data-settings=\"{&quot;_animation_delay&quot;:2000,&quot;_animation_mobile&quot;:&quot;none&quot;,&quot;_animation&quot;:&quot;none&quot;}\" data-widget_type=\"text-editor.default\">\n\t\t\t\t<div class=\"elementor-widget-container\">\n\t\t\t\t\t\t\t\t\tLibrenmeta\u00ae has chosen to offer some of its individual and group meetings with a fixed donation, and others with a conscious donation.\n\nTo find out the amount of the donation, please consult  the <a href=\"https:\/\/www.librenmeta.org\/en\/rencontres\/\"><span style=\"color: #e7703d;\">Meeting page<\/span><\/a> and\/or article 12 of the <a href=\"https:\/\/www.librenmeta.org\/wp-content\/uploads\/2024\/09\/2025.03.27_Reglement-Interieur_LBEM.pdf\" target=\"_blank\" rel=\"noopener\"><span style=\"color: #e7703d;\">internal regulations.<\/span><\/a>.\t\t\t\t\t\t\t\t<\/div>\n\t\t\t\t<\/div>\n\t\t\t\t<\/div>\n\t\t\t\t<div class=\"elementor-element elementor-element-b02a98a elementor-widget elementor-widget-heading\" data-id=\"b02a98a\" data-element_type=\"widget\" data-e-type=\"widget\" data-widget_type=\"heading.default\">\n\t\t\t\t<div class=\"elementor-widget-container\">\n\t\t\t\t\t<h2 class=\"elementor-heading-title elementor-size-default\">Voluntary donation<\/h2>\t\t\t\t<\/div>\n\t\t\t\t<\/div>\n\t\t\t\t<div class=\"elementor-element elementor-element-f2bb9ed animated-fast elementor-widget elementor-widget-text-editor\" data-id=\"f2bb9ed\" data-element_type=\"widget\" data-e-type=\"widget\" data-settings=\"{&quot;_animation_delay&quot;:2000,&quot;_animation_mobile&quot;:&quot;none&quot;,&quot;_animation&quot;:&quot;none&quot;}\" data-widget_type=\"text-editor.default\">\n\t\t\t\t<div class=\"elementor-widget-container\">\n\t\t\t\t\t\t\t\t\t<p>The association leaves everyone free to make a donation if they wish, and thereby support its aims and actions.<\/p><p>In this sense, the various introspection tools available are free to donate.<\/p>\t\t\t\t\t\t\t\t<\/div>\n\t\t\t\t<\/div>\n\t\t\t\t\t<\/div>\n\t\t\t\t<\/div>\n\t\t<div class=\"elementor-element elementor-element-c18e836 e-flex e-con-boxed e-con e-parent\" data-id=\"c18e836\" data-element_type=\"container\" data-e-type=\"container\" data-settings=\"{&quot;background_background&quot;:&quot;classic&quot;}\">\n\t\t\t\t\t<div class=\"e-con-inner\">\n\t\t<div class=\"elementor-element elementor-element-0c73198 e-con-full e-flex e-con e-child\" data-id=\"0c73198\" data-element_type=\"container\" data-e-type=\"container\">\n\t\t\t\t<\/div>\n\t\t<div class=\"elementor-element elementor-element-ffb3d95 e-con-full e-flex e-con e-child\" data-id=\"ffb3d95\" data-element_type=\"container\" data-e-type=\"container\" data-settings=\"{&quot;background_background&quot;:&quot;classic&quot;}\">\n\t\t\t\t<div class=\"elementor-element elementor-element-d0e7792 elementor-widget elementor-widget-text-editor\" data-id=\"d0e7792\" data-element_type=\"widget\" data-e-type=\"widget\" data-widget_type=\"text-editor.default\">\n\t\t\t\t<div class=\"elementor-widget-container\">\n\t\t\t\t\t\t\t\t\t<p>Bank transfer donation :<\/p>\t\t\t\t\t\t\t\t<\/div>\n\t\t\t\t<\/div>\n\t\t\t\t<div class=\"elementor-element elementor-element-84420d2 elementor-widget elementor-widget-text-editor\" data-id=\"84420d2\" data-element_type=\"widget\" data-e-type=\"widget\" data-widget_type=\"text-editor.default\">\n\t\t\t\t<div class=\"elementor-widget-container\">\n\t\t\t\t\t\t\t\t\t<p>IBAN : FR76 1680 7001 4337 9340 8721 094<\/p>\t\t\t\t\t\t\t\t<\/div>\n\t\t\t\t<\/div>\n\t\t\t\t<div class=\"elementor-element elementor-element-7ac4546 elementor-widget elementor-widget-heading\" data-id=\"7ac4546\" data-element_type=\"widget\" data-e-type=\"widget\" data-widget_type=\"heading.default\">\n\t\t\t\t<div class=\"elementor-widget-container\">\n\t\t\t\t\t<h2 class=\"elementor-heading-title elementor-size-default\">BIC : CCBPFRPPGRE<\/h2>\t\t\t\t<\/div>\n\t\t\t\t<\/div>\n\t\t\t\t<div class=\"elementor-element elementor-element-665f8bd elementor-widget elementor-widget-heading\" data-id=\"665f8bd\" data-element_type=\"widget\" data-e-type=\"widget\" data-widget_type=\"heading.default\">\n\t\t\t\t<div class=\"elementor-widget-container\">\n\t\t\t\t\t<p class=\"elementor-heading-title elementor-size-default\">Please indicate in the description the purpose of your donation.<\/p>\t\t\t\t<\/div>\n\t\t\t\t<\/div>\n\t\t\t\t<\/div>\n\t\t<div class=\"elementor-element elementor-element-2b1bd06 e-con-full e-flex e-con e-child\" data-id=\"2b1bd06\" data-element_type=\"container\" data-e-type=\"container\">\n\t\t\t\t<\/div>\n\t\t\t\t\t<\/div>\n\t\t\t\t<\/div>\n\t\t<div class=\"elementor-element elementor-element-c74eaba e-flex e-con-boxed e-con e-parent\" data-id=\"c74eaba\" data-element_type=\"container\" data-e-type=\"container\" data-settings=\"{&quot;background_background&quot;:&quot;classic&quot;}\">\n\t\t\t\t\t<div class=\"e-con-inner\">\n\t\t\t\t<div class=\"elementor-element elementor-element-f2827d8 elementor-view-stacked elementor-position-inline-start elementor-shape-circle elementor-mobile-position-block-start elementor-widget elementor-widget-icon-box\" data-id=\"f2827d8\" data-element_type=\"widget\" data-e-type=\"widget\" data-widget_type=\"icon-box.default\">\n\t\t\t\t<div class=\"elementor-widget-container\">\n\t\t\t\t\t\t\t<div class=\"elementor-icon-box-wrapper\">\n\n\t\t\t\t\t\t<div class=\"elementor-icon-box-icon\">\n\t\t\t\t<a href=\"https:\/\/www.librenmeta.org\/en\/contact\/\" class=\"elementor-icon\" tabindex=\"-1\">\n\t\t\t\t<i aria-hidden=\"true\" class=\"fas fa-comments\"><\/i>\t\t\t\t<\/a>\n\t\t\t<\/div>\n\t\t\t\n\t\t\t\t\t\t<div class=\"elementor-icon-box-content\">\n\n\t\t\t\t\n\t\t\t\t\t\t\t\t\t<p class=\"elementor-icon-box-description\">\n\t\t\t\t\t\tFor any terms and\/or payment facilities, do not hesitate <a href=\"https:\/\/www.librenmeta.org\/en\/contact\/\"><span style=\"color: #14A2CB\">to contact us.<\/span><\/a>.\t\t\t\t\t<\/p>\n\t\t\t\t\n\t\t\t<\/div>\n\t\t\t\n\t\t<\/div>\n\t\t\t\t\t\t<\/div>\n\t\t\t\t<\/div>\n\t\t\t\t\t<\/div>\n\t\t\t\t<\/div>\n\t\t\t\t<\/div>","protected":false},"excerpt":{"rendered":"<p>Donation &#038; Tarification Librenmeta\u00ae est une association qui se veut au plus pr\u00e8s du Don.Dans cette justesse de participation financi\u00e8re responsable et consciente, l&rsquo;association offre diverses possibilit\u00e9s pour vivre ces \u00e9changes \u00ab\u00a0mon\u00e9taires\u00a0\u00bb autrement. De la donation fixe \u00e0 la donation consciente Librenmeta\u00ae fait le choix de proposer certaines de ses rencontres individuelles et collectives avec&hellip; <br \/> <a class=\"read-more\" href=\"https:\/\/www.librenmeta.org\/en\/donation-tarification\/\">Read more<\/a><\/p>","protected":false},"author":1,"featured_media":0,"parent":0,"menu_order":0,"comment_status":"closed","ping_status":"closed","template":"elementor_header_footer","meta":{"footnotes":""},"class_list":["post-2706","page","type-page","status-publish","hentry"],"yoast_head":"<!-- This site is optimized with the Yoast SEO plugin v27.2 - https:\/\/yoast.com\/product\/yoast-seo-wordpress\/ -->\n<title>Donation &amp; Tarification - Librenmeta<\/title>\n<meta name=\"robots\" content=\"index, follow, max-snippet:-1, max-image-preview:large, max-video-preview:-1\" \/>\n<link rel=\"canonical\" href=\"https:\/\/www.librenmeta.org\/en\/donation-tarification\/\" \/>\n<meta property=\"og:locale\" content=\"en_GB\" \/>\n<meta property=\"og:type\" content=\"article\" \/>\n<meta property=\"og:title\" content=\"Donation &amp; Tarification - Librenmeta\" \/>\n<meta property=\"og:description\" content=\"Donation &#038; Tarification Librenmeta\u00ae est une association qui se veut au plus pr\u00e8s du Don.Dans cette justesse de participation financi\u00e8re responsable et consciente, l&rsquo;association offre diverses possibilit\u00e9s pour vivre ces \u00e9changes \u00ab\u00a0mon\u00e9taires\u00a0\u00bb autrement. De la donation fixe \u00e0 la donation consciente Librenmeta\u00ae fait le choix de proposer certaines de ses rencontres individuelles et collectives avec&hellip; Read more\" \/>\n<meta property=\"og:url\" content=\"https:\/\/www.librenmeta.org\/en\/donation-tarification\/\" \/>\n<meta property=\"og:site_name\" content=\"Librenmeta\" \/>\n<meta property=\"article:modified_time\" content=\"2025-03-23T15:53:00+00:00\" \/>\n<meta name=\"twitter:card\" content=\"summary_large_image\" \/>\n<meta name=\"twitter:label1\" content=\"Estimated reading time\" \/>\n\t<meta name=\"twitter:data1\" content=\"1 minute\" \/>\n<script type=\"application\/ld+json\" class=\"yoast-schema-graph\">{\"@context\":\"https:\/\/schema.org\",\"@graph\":[{\"@type\":\"WebPage\",\"@id\":\"https:\/\/www.librenmeta.org\/donation-tarification\/\",\"url\":\"https:\/\/www.librenmeta.org\/donation-tarification\/\",\"name\":\"Donation & Tarification - Librenmeta\",\"isPartOf\":{\"@id\":\"https:\/\/www.librenmeta.org\/#website\"},\"datePublished\":\"2021-10-29T15:30:17+00:00\",\"dateModified\":\"2025-03-23T15:53:00+00:00\",\"breadcrumb\":{\"@id\":\"https:\/\/www.librenmeta.org\/donation-tarification\/#breadcrumb\"},\"inLanguage\":\"en-GB\",\"potentialAction\":[{\"@type\":\"ReadAction\",\"target\":[\"https:\/\/www.librenmeta.org\/donation-tarification\/\"]}]},{\"@type\":\"BreadcrumbList\",\"@id\":\"https:\/\/www.librenmeta.org\/donation-tarification\/#breadcrumb\",\"itemListElement\":[{\"@type\":\"ListItem\",\"position\":1,\"name\":\"Accueil\",\"item\":\"https:\/\/www.librenmeta.org\/\"},{\"@type\":\"ListItem\",\"position\":2,\"name\":\"Donation &#038; Tarification\"}]},{\"@type\":\"WebSite\",\"@id\":\"https:\/\/www.librenmeta.org\/#website\",\"url\":\"https:\/\/www.librenmeta.org\/\",\"name\":\"Librenmeta\",\"description\":\"La Libert\u00e9 d&#039;\u00catre Soi\",\"publisher\":{\"@id\":\"https:\/\/www.librenmeta.org\/#organization\"},\"potentialAction\":[{\"@type\":\"SearchAction\",\"target\":{\"@type\":\"EntryPoint\",\"urlTemplate\":\"https:\/\/www.librenmeta.org\/?s={search_term_string}\"},\"query-input\":{\"@type\":\"PropertyValueSpecification\",\"valueRequired\":true,\"valueName\":\"search_term_string\"}}],\"inLanguage\":\"en-GB\"},{\"@type\":\"Organization\",\"@id\":\"https:\/\/www.librenmeta.org\/#organization\",\"name\":\"Librenmeta\",\"url\":\"https:\/\/www.librenmeta.org\/\",\"logo\":{\"@type\":\"ImageObject\",\"inLanguage\":\"en-GB\",\"@id\":\"https:\/\/www.librenmeta.org\/#\/schema\/logo\/image\/\",\"url\":\"https:\/\/www.librenmeta.org\/wp-content\/uploads\/2025\/02\/cropped-cropped-logo-librenmeta.png\",\"contentUrl\":\"https:\/\/www.librenmeta.org\/wp-content\/uploads\/2025\/02\/cropped-cropped-logo-librenmeta.png\",\"width\":583,\"height\":298,\"caption\":\"Librenmeta\"},\"image\":{\"@id\":\"https:\/\/www.librenmeta.org\/#\/schema\/logo\/image\/\"}}]}<\/script>\n<!-- \/ Yoast SEO plugin. -->","yoast_head_json":{"title":"Donation & Tarification - Librenmeta","robots":{"index":"index","follow":"follow","max-snippet":"max-snippet:-1","max-image-preview":"max-image-preview:large","max-video-preview":"max-video-preview:-1"},"canonical":"https:\/\/www.librenmeta.org\/en\/donation-tarification\/","og_locale":"en_GB","og_type":"article","og_title":"Donation & Tarification - Librenmeta","og_description":"Donation &#038; Tarification Librenmeta\u00ae est une association qui se veut au plus pr\u00e8s du Don.Dans cette justesse de participation financi\u00e8re responsable et consciente, l&rsquo;association offre diverses possibilit\u00e9s pour vivre ces \u00e9changes \u00ab\u00a0mon\u00e9taires\u00a0\u00bb autrement. De la donation fixe \u00e0 la donation consciente Librenmeta\u00ae fait le choix de proposer certaines de ses rencontres individuelles et collectives avec&hellip; Read more","og_url":"https:\/\/www.librenmeta.org\/en\/donation-tarification\/","og_site_name":"Librenmeta","article_modified_time":"2025-03-23T15:53:00+00:00","twitter_card":"summary_large_image","twitter_misc":{"Estimated reading time":"1 minute"},"schema":{"@context":"https:\/\/schema.org","@graph":[{"@type":"WebPage","@id":"https:\/\/www.librenmeta.org\/donation-tarification\/","url":"https:\/\/www.librenmeta.org\/donation-tarification\/","name":"Donation & Tarification - Librenmeta","isPartOf":{"@id":"https:\/\/www.librenmeta.org\/#website"},"datePublished":"2021-10-29T15:30:17+00:00","dateModified":"2025-03-23T15:53:00+00:00","breadcrumb":{"@id":"https:\/\/www.librenmeta.org\/donation-tarification\/#breadcrumb"},"inLanguage":"en-GB","potentialAction":[{"@type":"ReadAction","target":["https:\/\/www.librenmeta.org\/donation-tarification\/"]}]},{"@type":"BreadcrumbList","@id":"https:\/\/www.librenmeta.org\/donation-tarification\/#breadcrumb","itemListElement":[{"@type":"ListItem","position":1,"name":"Accueil","item":"https:\/\/www.librenmeta.org\/"},{"@type":"ListItem","position":2,"name":"Donation &#038; Tarification"}]},{"@type":"WebSite","@id":"https:\/\/www.librenmeta.org\/#website","url":"https:\/\/www.librenmeta.org\/","name":"Librenmeta","description":"La Libert\u00e9 d&#039;\u00catre Soi","publisher":{"@id":"https:\/\/www.librenmeta.org\/#organization"},"potentialAction":[{"@type":"SearchAction","target":{"@type":"EntryPoint","urlTemplate":"https:\/\/www.librenmeta.org\/?s={search_term_string}"},"query-input":{"@type":"PropertyValueSpecification","valueRequired":true,"valueName":"search_term_string"}}],"inLanguage":"en-GB"},{"@type":"Organization","@id":"https:\/\/www.librenmeta.org\/#organization","name":"Librenmeta","url":"https:\/\/www.librenmeta.org\/","logo":{"@type":"ImageObject","inLanguage":"en-GB","@id":"https:\/\/www.librenmeta.org\/#\/schema\/logo\/image\/","url":"https:\/\/www.librenmeta.org\/wp-content\/uploads\/2025\/02\/cropped-cropped-logo-librenmeta.png","contentUrl":"https:\/\/www.librenmeta.org\/wp-content\/uploads\/2025\/02\/cropped-cropped-logo-librenmeta.png","width":583,"height":298,"caption":"Librenmeta"},"image":{"@id":"https:\/\/www.librenmeta.org\/#\/schema\/logo\/image\/"}}]}},"_links":{"self":[{"href":"https:\/\/www.librenmeta.org\/en\/wp-json\/wp\/v2\/pages\/2706","targetHints":{"allow":["GET"]}}],"collection":[{"href":"https:\/\/www.librenmeta.org\/en\/wp-json\/wp\/v2\/pages"}],"about":[{"href":"https:\/\/www.librenmeta.org\/en\/wp-json\/wp\/v2\/types\/page"}],"author":[{"embeddable":true,"href":"https:\/\/www.librenmeta.org\/en\/wp-json\/wp\/v2\/users\/1"}],"replies":[{"embeddable":true,"href":"https:\/\/www.librenmeta.org\/en\/wp-json\/wp\/v2\/comments?post=2706"}],"version-history":[{"count":2,"href":"https:\/\/www.librenmeta.org\/en\/wp-json\/wp\/v2\/pages\/2706\/revisions"}],"predecessor-version":[{"id":5246,"href":"https:\/\/www.librenmeta.org\/en\/wp-json\/wp\/v2\/pages\/2706\/revisions\/5246"}],"wp:attachment":[{"href":"https:\/\/www.librenmeta.org\/en\/wp-json\/wp\/v2\/media?parent=2706"}],"curies":[{"name":"wp","href":"https:\/\/api.w.org\/{rel}","templated":true}]}}