{"id":4856,"date":"2024-12-15T21:38:53","date_gmt":"2024-12-15T20:38:53","guid":{"rendered":"https:\/\/www.librenmeta.org\/?page_id=4856"},"modified":"2025-02-07T16:50:32","modified_gmt":"2025-02-07T15:50:32","slug":"texte-entre-croyance-et-verite","status":"publish","type":"page","link":"https:\/\/www.librenmeta.org\/en\/texte-entre-croyance-et-verite\/","title":{"rendered":"Texte Entre Croyance et V\u00e9rit\u00e9"},"content":{"rendered":"<div data-elementor-type=\"wp-page\" data-elementor-id=\"4856\" class=\"elementor elementor-4856\">\n\t\t\t\t<div class=\"elementor-element elementor-element-29d7e38 e-con-full e-flex e-con e-parent\" data-id=\"29d7e38\" data-element_type=\"container\" data-e-type=\"container\">\n\t\t\t\t<\/div>\n\t\t<div class=\"elementor-element elementor-element-163896e e-flex e-con-boxed e-con e-parent\" data-id=\"163896e\" data-element_type=\"container\" data-e-type=\"container\">\n\t\t\t\t\t<div class=\"e-con-inner\">\n\t\t\t\t<div class=\"elementor-element elementor-element-5fceaf8 elementor-widget elementor-widget-image\" data-id=\"5fceaf8\" data-element_type=\"widget\" data-e-type=\"widget\" data-widget_type=\"image.default\">\n\t\t\t\t<div class=\"elementor-widget-container\">\n\t\t\t\t\t\t\t\t\t\t\t\t\t\t\t<img fetchpriority=\"high\" decoding=\"async\" width=\"912\" height=\"1024\" src=\"https:\/\/www.librenmeta.org\/wp-content\/uploads\/2024\/12\/10-1-912x1024.jpg\" class=\"attachment-large size-large wp-image-4717\" alt=\"\" srcset=\"https:\/\/www.librenmeta.org\/wp-content\/uploads\/2024\/12\/10-1-912x1024.jpg 912w, https:\/\/www.librenmeta.org\/wp-content\/uploads\/2024\/12\/10-1-267x300.jpg 267w, https:\/\/www.librenmeta.org\/wp-content\/uploads\/2024\/12\/10-1-768x862.jpg 768w, https:\/\/www.librenmeta.org\/wp-content\/uploads\/2024\/12\/10-1-1368x1536.jpg 1368w, https:\/\/www.librenmeta.org\/wp-content\/uploads\/2024\/12\/10-1-1824x2048.jpg 1824w, https:\/\/www.librenmeta.org\/wp-content\/uploads\/2024\/12\/10-1-1024x1150.jpg 1024w, https:\/\/www.librenmeta.org\/wp-content\/uploads\/2024\/12\/10-1-962x1080.jpg 962w\" sizes=\"(max-width: 912px) 100vw, 912px\" \/>\t\t\t\t\t\t\t\t\t\t\t\t\t\t\t<\/div>\n\t\t\t\t<\/div>\n\t\t\t\t<div class=\"elementor-element elementor-element-35ab6be elementor-widget elementor-widget-heading\" data-id=\"35ab6be\" data-element_type=\"widget\" data-e-type=\"widget\" data-widget_type=\"heading.default\">\n\t\t\t\t<div class=\"elementor-widget-container\">\n\t\t\t\t\t<h2 class=\"elementor-heading-title elementor-size-default\">Entre Croyance et V\u00e9rit\u00e9: mon c\u0153ur balance<\/h2>\t\t\t\t<\/div>\n\t\t\t\t<\/div>\n\t\t\t\t<div class=\"elementor-element elementor-element-0fe92a7 elementor-widget elementor-widget-text-editor\" data-id=\"0fe92a7\" data-element_type=\"widget\" data-e-type=\"widget\" data-widget_type=\"text-editor.default\">\n\t\t\t\t<div class=\"elementor-widget-container\">\n\t\t\t\t\t\t\t\t\t<p>Est-ce une croyance ou une v\u00e9rit\u00e9 ? Dans le moment pr\u00e9sent, suis-je capable de d\u00e9terminer si ce que la personne me dit ou ce que je ressens est issu d&rsquo;une croyance ou de la v\u00e9rit\u00e9 ?<\/p><p>Qu&rsquo;est-ce qu&rsquo;une croyance ? C&rsquo;est une id\u00e9e, un concept, une vision li\u00e9e \u00e0 des exp\u00e9riences, \u00e0 des faits lus, appris, transmis de g\u00e9n\u00e9ration en g\u00e9n\u00e9ration. Des croyances peuvent \u00eatre conscientes et bien souvent inconscientes.<\/p><p>Nous sommes tous remplis de croyances. Et c&rsquo;est \u00e0 nous d&rsquo;en prendre conscience afin de nous lib\u00e9rer de toutes ces choses que nous croyons justes et qui finissent par prendre le pouvoir sur notre vie.<\/p><p>Nos croyances conditionnent notre vie et nos capacit\u00e9s. Nous nous limitons dans ces croyances \u00e0 tous les niveaux. Nos croyances sont un frein ou encore des fils qui se tissent entre nous et finissent par nous \u00e9touffer. Nous sommes les architectes de nos propres enfermements. Ces croyances sont transmises entre les \u00eatres qui les amplifient si bien qu&rsquo;elles finissent par devenir des v\u00e9rit\u00e9s alors qu&rsquo;il n&rsquo;en est rien.<\/p><p>Mais alors comment d\u00e9terminer si c&rsquo;est une croyance ou la v\u00e9rit\u00e9 ? La r\u00e9ponse que j&rsquo;ai v\u00e9cue consciemment est venue \u00e0 travers la Vibration du c\u0153ur.<\/p><p>Le C\u0153ur, c&rsquo;est l&rsquo;arbitre qui nous donne la note, le tempo.<\/p><p>En \u00e9coutant notre c\u0153ur, nous sommes les plus proches de ce qui est juste ! C&rsquo;est un travail au quotidien, de vivre en conscience. Et plus nous ouvrons les yeux du c\u0153ur, et plus nous gu\u00e9rissons de ces croyances. La libert\u00e9 est au bout du chemin, \u00e0 condition de d\u00e9cider int\u00e9rieurement chaque matin de ne plus retomber dans ces croyances ou sch\u00e9mas de vie qui nous conditionnent.<\/p><p>Plus notre conscience est \u00e9lev\u00e9e et plus la v\u00e9rit\u00e9 est cristalline, donc d\u00e9nu\u00e9e de filtres qui alt\u00e8rent cette v\u00e9rit\u00e9. Et ainsi, nous pouvons aider l&rsquo;autre \u00e0 retrouver cette v\u00e9rit\u00e9 qui est en chacun de nous. C&rsquo;est l&rsquo;effet boule de neige.<\/p><p>Mais ne me croyez pas, vivez-le !<\/p>\t\t\t\t\t\t\t\t<\/div>\n\t\t\t\t<\/div>\n\t\t\t\t<div class=\"elementor-element elementor-element-e016a8c elementor-widget elementor-widget-spacer\" data-id=\"e016a8c\" data-element_type=\"widget\" data-e-type=\"widget\" data-widget_type=\"spacer.default\">\n\t\t\t\t<div class=\"elementor-widget-container\">\n\t\t\t\t\t\t\t<div class=\"elementor-spacer\">\n\t\t\t<div class=\"elementor-spacer-inner\"><\/div>\n\t\t<\/div>\n\t\t\t\t\t\t<\/div>\n\t\t\t\t<\/div>\n\t\t\t\t<div class=\"elementor-element elementor-element-2ac9878 elementor-widget elementor-widget-text-editor\" data-id=\"2ac9878\" data-element_type=\"widget\" data-e-type=\"widget\" data-widget_type=\"text-editor.default\">\n\t\t\t\t<div class=\"elementor-widget-container\">\n\t\t\t\t\t\t\t\t\t<p>\u00a9Karine Ca\u00f1adas | Tous droits r\u00e9serv\u00e9s | Copie partielle ou int\u00e9grale des \u0153uvres et des textes interdite.<\/p>\t\t\t\t\t\t\t\t<\/div>\n\t\t\t\t<\/div>\n\t\t\t\t\t<\/div>\n\t\t\t\t<\/div>\n\t\t\t\t<\/div>","protected":false},"excerpt":{"rendered":"<p>Entre Croyance et V\u00e9rit\u00e9: mon c\u0153ur balance Est-ce une croyance ou une v\u00e9rit\u00e9 ? Dans le moment pr\u00e9sent, suis-je capable de d\u00e9terminer si ce que la personne me dit ou ce que je ressens est issu d&rsquo;une croyance ou de la v\u00e9rit\u00e9 ? Qu&rsquo;est-ce qu&rsquo;une croyance ? C&rsquo;est une id\u00e9e, un concept, une vision li\u00e9e&hellip; <br \/> <a class=\"read-more\" href=\"https:\/\/www.librenmeta.org\/en\/texte-entre-croyance-et-verite\/\">Read more<\/a><\/p>","protected":false},"author":1,"featured_media":0,"parent":0,"menu_order":0,"comment_status":"closed","ping_status":"closed","template":"elementor_header_footer","meta":{"footnotes":""},"class_list":["post-4856","page","type-page","status-publish","hentry"],"yoast_head":"<!-- This site is optimized with the Yoast SEO plugin v27.2 - https:\/\/yoast.com\/product\/yoast-seo-wordpress\/ -->\n<title>Texte Entre Croyance et V\u00e9rit\u00e9 - Librenmeta<\/title>\n<meta name=\"robots\" content=\"index, follow, max-snippet:-1, max-image-preview:large, max-video-preview:-1\" \/>\n<link rel=\"canonical\" href=\"https:\/\/www.librenmeta.org\/en\/texte-entre-croyance-et-verite\/\" \/>\n<meta property=\"og:locale\" content=\"en_GB\" \/>\n<meta property=\"og:type\" content=\"article\" \/>\n<meta property=\"og:title\" content=\"Texte Entre Croyance et V\u00e9rit\u00e9 - Librenmeta\" \/>\n<meta property=\"og:description\" content=\"Entre Croyance et V\u00e9rit\u00e9: mon c\u0153ur balance Est-ce une croyance ou une v\u00e9rit\u00e9 ? Dans le moment pr\u00e9sent, suis-je capable de d\u00e9terminer si ce que la personne me dit ou ce que je ressens est issu d&rsquo;une croyance ou de la v\u00e9rit\u00e9 ? Qu&rsquo;est-ce qu&rsquo;une croyance ? C&rsquo;est une id\u00e9e, un concept, une vision li\u00e9e&hellip; Read more\" \/>\n<meta property=\"og:url\" content=\"https:\/\/www.librenmeta.org\/en\/texte-entre-croyance-et-verite\/\" \/>\n<meta property=\"og:site_name\" content=\"Librenmeta\" \/>\n<meta property=\"article:modified_time\" content=\"2025-02-07T15:50:32+00:00\" \/>\n<meta property=\"og:image\" content=\"https:\/\/www.librenmeta.org\/wp-content\/uploads\/2024\/12\/10-1.jpg\" \/>\n\t<meta property=\"og:image:width\" content=\"2052\" \/>\n\t<meta property=\"og:image:height\" content=\"2304\" \/>\n\t<meta property=\"og:image:type\" content=\"image\/jpeg\" \/>\n<meta name=\"twitter:card\" content=\"summary_large_image\" \/>\n<meta name=\"twitter:label1\" content=\"Estimated reading time\" \/>\n\t<meta name=\"twitter:data1\" content=\"2 minutes\" \/>\n<script type=\"application\/ld+json\" class=\"yoast-schema-graph\">{\"@context\":\"https:\/\/schema.org\",\"@graph\":[{\"@type\":\"WebPage\",\"@id\":\"https:\/\/www.librenmeta.org\/texte-entre-croyance-et-verite\/\",\"url\":\"https:\/\/www.librenmeta.org\/texte-entre-croyance-et-verite\/\",\"name\":\"Texte Entre Croyance et V\u00e9rit\u00e9 - Librenmeta\",\"isPartOf\":{\"@id\":\"https:\/\/www.librenmeta.org\/#website\"},\"primaryImageOfPage\":{\"@id\":\"https:\/\/www.librenmeta.org\/texte-entre-croyance-et-verite\/#primaryimage\"},\"image\":{\"@id\":\"https:\/\/www.librenmeta.org\/texte-entre-croyance-et-verite\/#primaryimage\"},\"thumbnailUrl\":\"https:\/\/www.librenmeta.org\/wp-content\/uploads\/2024\/12\/10-1-912x1024.jpg\",\"datePublished\":\"2024-12-15T20:38:53+00:00\",\"dateModified\":\"2025-02-07T15:50:32+00:00\",\"breadcrumb\":{\"@id\":\"https:\/\/www.librenmeta.org\/texte-entre-croyance-et-verite\/#breadcrumb\"},\"inLanguage\":\"en-GB\",\"potentialAction\":[{\"@type\":\"ReadAction\",\"target\":[\"https:\/\/www.librenmeta.org\/texte-entre-croyance-et-verite\/\"]}]},{\"@type\":\"ImageObject\",\"inLanguage\":\"en-GB\",\"@id\":\"https:\/\/www.librenmeta.org\/texte-entre-croyance-et-verite\/#primaryimage\",\"url\":\"https:\/\/www.librenmeta.org\/wp-content\/uploads\/2024\/12\/10-1-912x1024.jpg\",\"contentUrl\":\"https:\/\/www.librenmeta.org\/wp-content\/uploads\/2024\/12\/10-1-912x1024.jpg\"},{\"@type\":\"BreadcrumbList\",\"@id\":\"https:\/\/www.librenmeta.org\/texte-entre-croyance-et-verite\/#breadcrumb\",\"itemListElement\":[{\"@type\":\"ListItem\",\"position\":1,\"name\":\"Accueil\",\"item\":\"https:\/\/www.librenmeta.org\/\"},{\"@type\":\"ListItem\",\"position\":2,\"name\":\"Texte Entre Croyance et V\u00e9rit\u00e9\"}]},{\"@type\":\"WebSite\",\"@id\":\"https:\/\/www.librenmeta.org\/#website\",\"url\":\"https:\/\/www.librenmeta.org\/\",\"name\":\"Librenmeta\",\"description\":\"La Libert\u00e9 d&#039;\u00catre Soi\",\"publisher\":{\"@id\":\"https:\/\/www.librenmeta.org\/#organization\"},\"potentialAction\":[{\"@type\":\"SearchAction\",\"target\":{\"@type\":\"EntryPoint\",\"urlTemplate\":\"https:\/\/www.librenmeta.org\/?s={search_term_string}\"},\"query-input\":{\"@type\":\"PropertyValueSpecification\",\"valueRequired\":true,\"valueName\":\"search_term_string\"}}],\"inLanguage\":\"en-GB\"},{\"@type\":\"Organization\",\"@id\":\"https:\/\/www.librenmeta.org\/#organization\",\"name\":\"Librenmeta\",\"url\":\"https:\/\/www.librenmeta.org\/\",\"logo\":{\"@type\":\"ImageObject\",\"inLanguage\":\"en-GB\",\"@id\":\"https:\/\/www.librenmeta.org\/#\/schema\/logo\/image\/\",\"url\":\"https:\/\/www.librenmeta.org\/wp-content\/uploads\/2025\/02\/cropped-cropped-logo-librenmeta.png\",\"contentUrl\":\"https:\/\/www.librenmeta.org\/wp-content\/uploads\/2025\/02\/cropped-cropped-logo-librenmeta.png\",\"width\":583,\"height\":298,\"caption\":\"Librenmeta\"},\"image\":{\"@id\":\"https:\/\/www.librenmeta.org\/#\/schema\/logo\/image\/\"}}]}<\/script>\n<!-- \/ Yoast SEO plugin. -->","yoast_head_json":{"title":"Texte Entre Croyance et V\u00e9rit\u00e9 - Librenmeta","robots":{"index":"index","follow":"follow","max-snippet":"max-snippet:-1","max-image-preview":"max-image-preview:large","max-video-preview":"max-video-preview:-1"},"canonical":"https:\/\/www.librenmeta.org\/en\/texte-entre-croyance-et-verite\/","og_locale":"en_GB","og_type":"article","og_title":"Texte Entre Croyance et V\u00e9rit\u00e9 - Librenmeta","og_description":"Entre Croyance et V\u00e9rit\u00e9: mon c\u0153ur balance Est-ce une croyance ou une v\u00e9rit\u00e9 ? Dans le moment pr\u00e9sent, suis-je capable de d\u00e9terminer si ce que la personne me dit ou ce que je ressens est issu d&rsquo;une croyance ou de la v\u00e9rit\u00e9 ? Qu&rsquo;est-ce qu&rsquo;une croyance ? C&rsquo;est une id\u00e9e, un concept, une vision li\u00e9e&hellip; Read more","og_url":"https:\/\/www.librenmeta.org\/en\/texte-entre-croyance-et-verite\/","og_site_name":"Librenmeta","article_modified_time":"2025-02-07T15:50:32+00:00","og_image":[{"width":2052,"height":2304,"url":"https:\/\/www.librenmeta.org\/wp-content\/uploads\/2024\/12\/10-1.jpg","type":"image\/jpeg"}],"twitter_card":"summary_large_image","twitter_misc":{"Estimated reading time":"2 minutes"},"schema":{"@context":"https:\/\/schema.org","@graph":[{"@type":"WebPage","@id":"https:\/\/www.librenmeta.org\/texte-entre-croyance-et-verite\/","url":"https:\/\/www.librenmeta.org\/texte-entre-croyance-et-verite\/","name":"Texte Entre Croyance et V\u00e9rit\u00e9 - Librenmeta","isPartOf":{"@id":"https:\/\/www.librenmeta.org\/#website"},"primaryImageOfPage":{"@id":"https:\/\/www.librenmeta.org\/texte-entre-croyance-et-verite\/#primaryimage"},"image":{"@id":"https:\/\/www.librenmeta.org\/texte-entre-croyance-et-verite\/#primaryimage"},"thumbnailUrl":"https:\/\/www.librenmeta.org\/wp-content\/uploads\/2024\/12\/10-1-912x1024.jpg","datePublished":"2024-12-15T20:38:53+00:00","dateModified":"2025-02-07T15:50:32+00:00","breadcrumb":{"@id":"https:\/\/www.librenmeta.org\/texte-entre-croyance-et-verite\/#breadcrumb"},"inLanguage":"en-GB","potentialAction":[{"@type":"ReadAction","target":["https:\/\/www.librenmeta.org\/texte-entre-croyance-et-verite\/"]}]},{"@type":"ImageObject","inLanguage":"en-GB","@id":"https:\/\/www.librenmeta.org\/texte-entre-croyance-et-verite\/#primaryimage","url":"https:\/\/www.librenmeta.org\/wp-content\/uploads\/2024\/12\/10-1-912x1024.jpg","contentUrl":"https:\/\/www.librenmeta.org\/wp-content\/uploads\/2024\/12\/10-1-912x1024.jpg"},{"@type":"BreadcrumbList","@id":"https:\/\/www.librenmeta.org\/texte-entre-croyance-et-verite\/#breadcrumb","itemListElement":[{"@type":"ListItem","position":1,"name":"Accueil","item":"https:\/\/www.librenmeta.org\/"},{"@type":"ListItem","position":2,"name":"Texte Entre Croyance et V\u00e9rit\u00e9"}]},{"@type":"WebSite","@id":"https:\/\/www.librenmeta.org\/#website","url":"https:\/\/www.librenmeta.org\/","name":"Librenmeta","description":"La Libert\u00e9 d&#039;\u00catre Soi","publisher":{"@id":"https:\/\/www.librenmeta.org\/#organization"},"potentialAction":[{"@type":"SearchAction","target":{"@type":"EntryPoint","urlTemplate":"https:\/\/www.librenmeta.org\/?s={search_term_string}"},"query-input":{"@type":"PropertyValueSpecification","valueRequired":true,"valueName":"search_term_string"}}],"inLanguage":"en-GB"},{"@type":"Organization","@id":"https:\/\/www.librenmeta.org\/#organization","name":"Librenmeta","url":"https:\/\/www.librenmeta.org\/","logo":{"@type":"ImageObject","inLanguage":"en-GB","@id":"https:\/\/www.librenmeta.org\/#\/schema\/logo\/image\/","url":"https:\/\/www.librenmeta.org\/wp-content\/uploads\/2025\/02\/cropped-cropped-logo-librenmeta.png","contentUrl":"https:\/\/www.librenmeta.org\/wp-content\/uploads\/2025\/02\/cropped-cropped-logo-librenmeta.png","width":583,"height":298,"caption":"Librenmeta"},"image":{"@id":"https:\/\/www.librenmeta.org\/#\/schema\/logo\/image\/"}}]}},"_links":{"self":[{"href":"https:\/\/www.librenmeta.org\/en\/wp-json\/wp\/v2\/pages\/4856","targetHints":{"allow":["GET"]}}],"collection":[{"href":"https:\/\/www.librenmeta.org\/en\/wp-json\/wp\/v2\/pages"}],"about":[{"href":"https:\/\/www.librenmeta.org\/en\/wp-json\/wp\/v2\/types\/page"}],"author":[{"embeddable":true,"href":"https:\/\/www.librenmeta.org\/en\/wp-json\/wp\/v2\/users\/1"}],"replies":[{"embeddable":true,"href":"https:\/\/www.librenmeta.org\/en\/wp-json\/wp\/v2\/comments?post=4856"}],"version-history":[{"count":2,"href":"https:\/\/www.librenmeta.org\/en\/wp-json\/wp\/v2\/pages\/4856\/revisions"}],"predecessor-version":[{"id":5122,"href":"https:\/\/www.librenmeta.org\/en\/wp-json\/wp\/v2\/pages\/4856\/revisions\/5122"}],"wp:attachment":[{"href":"https:\/\/www.librenmeta.org\/en\/wp-json\/wp\/v2\/media?parent=4856"}],"curies":[{"name":"wp","href":"https:\/\/api.w.org\/{rel}","templated":true}]}}