{"id":5680,"date":"2026-01-07T20:53:48","date_gmt":"2026-01-07T19:53:48","guid":{"rendered":"https:\/\/www.librenmeta.org\/?page_id=5680"},"modified":"2026-04-13T08:16:37","modified_gmt":"2026-04-13T06:16:37","slug":"texte-comment-parlons-nous-des-autres","status":"publish","type":"page","link":"https:\/\/www.librenmeta.org\/en\/texte-comment-parlons-nous-des-autres\/","title":{"rendered":"Texte Comment parlons-nous des autres ?"},"content":{"rendered":"<div data-elementor-type=\"wp-page\" data-elementor-id=\"5680\" class=\"elementor elementor-5680\">\n\t\t\t\t<div class=\"elementor-element elementor-element-29d7e38 e-con-full e-flex e-con e-parent\" data-id=\"29d7e38\" data-element_type=\"container\" data-e-type=\"container\">\n\t\t\t\t<\/div>\n\t\t<div class=\"elementor-element elementor-element-163896e e-flex e-con-boxed e-con e-parent\" data-id=\"163896e\" data-element_type=\"container\" data-e-type=\"container\">\n\t\t\t\t\t<div class=\"e-con-inner\">\n\t\t\t\t<div class=\"elementor-element elementor-element-5fceaf8 elementor-widget elementor-widget-image\" data-id=\"5fceaf8\" data-element_type=\"widget\" data-e-type=\"widget\" data-widget_type=\"image.default\">\n\t\t\t\t<div class=\"elementor-widget-container\">\n\t\t\t\t\t\t\t\t\t\t\t\t\t\t\t<img fetchpriority=\"high\" decoding=\"async\" width=\"1024\" height=\"768\" src=\"https:\/\/www.librenmeta.org\/wp-content\/uploads\/2026\/01\/4.-Comment-parlons-nous-des-autres-1024x768.jpg\" class=\"attachment-large size-large wp-image-5656\" alt=\"\" srcset=\"https:\/\/www.librenmeta.org\/wp-content\/uploads\/2026\/01\/4.-Comment-parlons-nous-des-autres-1024x768.jpg 1024w, https:\/\/www.librenmeta.org\/wp-content\/uploads\/2026\/01\/4.-Comment-parlons-nous-des-autres-300x225.jpg 300w, https:\/\/www.librenmeta.org\/wp-content\/uploads\/2026\/01\/4.-Comment-parlons-nous-des-autres-768x576.jpg 768w, https:\/\/www.librenmeta.org\/wp-content\/uploads\/2026\/01\/4.-Comment-parlons-nous-des-autres-1536x1152.jpg 1536w, https:\/\/www.librenmeta.org\/wp-content\/uploads\/2026\/01\/4.-Comment-parlons-nous-des-autres-2048x1536.jpg 2048w, https:\/\/www.librenmeta.org\/wp-content\/uploads\/2026\/01\/4.-Comment-parlons-nous-des-autres-16x12.jpg 16w, https:\/\/www.librenmeta.org\/wp-content\/uploads\/2026\/01\/4.-Comment-parlons-nous-des-autres-1440x1080.jpg 1440w\" sizes=\"(max-width: 1024px) 100vw, 1024px\" \/>\t\t\t\t\t\t\t\t\t\t\t\t\t\t\t<\/div>\n\t\t\t\t<\/div>\n\t\t\t\t<div class=\"elementor-element elementor-element-35ab6be elementor-widget elementor-widget-heading\" data-id=\"35ab6be\" data-element_type=\"widget\" data-e-type=\"widget\" data-widget_type=\"heading.default\">\n\t\t\t\t<div class=\"elementor-widget-container\">\n\t\t\t\t\t<h2 class=\"elementor-heading-title elementor-size-default\">Comment parlons-nous des autres ?<\/h2>\t\t\t\t<\/div>\n\t\t\t\t<\/div>\n\t\t\t\t<div class=\"elementor-element elementor-element-0fe92a7 elementor-widget elementor-widget-text-editor\" data-id=\"0fe92a7\" data-element_type=\"widget\" data-e-type=\"widget\" data-widget_type=\"text-editor.default\">\n\t\t\t\t<div class=\"elementor-widget-container\">\n\t\t\t\t\t\t\t\t\t<p>L&rsquo;\u00eatre humain est un \u00eatre de communication. \u00c0 travers l&rsquo;autre, il apprend, se confronte, \u00e9change, partage, grandit\u2026 Pour ce faire, il parle parfois beaucoup, parfois peu, de mani\u00e8re spontan\u00e9e, avec vivacit\u00e9, timidement ou avec arrogance, de mani\u00e8re discr\u00e8te ou \u00e0 voix haute pour que tout le monde entende. Il existe une myriade d&rsquo;adjectifs pour d\u00e9crire notre fa\u00e7on de converser, de dire les choses, de verbaliser un message, une \u00e9motion, une v\u00e9rit\u00e9.<\/p><p>Entre celui qui parle seul, qui n&rsquo;\u00e9coute pas les autres, qui attend de l&rsquo;autre, qui prend, qui donne, qui conforte\u2026 O\u00f9 vous placez-vous ? Certains ne parlent pas ou peu, mais n&rsquo;en pensent pas moins. Comment parlez-vous de l&rsquo;autre, des autres ? L&rsquo;Autre est le sujet de pr\u00e9dilection de l&rsquo;\u00eatre humain. \u00c0 la fois victime ou h\u00e9ros en fonction de l&rsquo;observateur, le r\u00f4le que vous avez ou que vous donnez ne tient pas \u00e0 grand chose !<\/p><p>Que ce soit sur votre lieu de travail, entre amis, au sein de votre famille, dans la r\u00e9sidence ou le village o\u00f9 vous vivez, chacun de nous est confront\u00e9 aux conversations sur l&rsquo;autre ou les autres. Mais comment ? Avec bienveillance ? Avec humour ? En se moquant ? En se mettant au-dessus de lui ou d&rsquo;elle ? Avec compassion ou jalousie ? En essayant de se mettre \u00e0 sa place ? En voulant l&rsquo;aider \u00e0 votre mani\u00e8re ? En le jugeant ? Comment vous comportez-vous ? Connaissez-vous votre intention profonde, votre mode de fonctionnement que vous r\u00e9p\u00e9tez depuis des g\u00e9n\u00e9rations peut-\u00eatre ?<\/p><p>Parler des uns et des autres est une pratique des plus courantes, s&rsquo;int\u00e9resser \u00e0 sa famille, \u00e0 ses voisins, \u00e0 son coll\u00e8gue, quoi de plus normal ! Il est naturel d&rsquo;\u00e9changer avec des gens que l&rsquo;on rencontre, cela fait partie de la vie \u00ab ensemble \u00bb. \u00catre attentif \u00e0 ceux que l&rsquo;on c\u00f4toie dans la vie, c&rsquo;est une \u00e9vidence, pas besoin d&rsquo;\u00e9ducation, m\u00eame si les parents sont l\u00e0 pour montrer l&rsquo;exemple. Mais quelle est votre intention lorsque vous parlez \u00e0 l&rsquo;autre ? Lorsque vous \u00e9changez sur une tierce personne non pr\u00e9sente ? \u00catre poli afin de donner une bonne image de vous-m\u00eame? \u00catre \u00e0 l&rsquo;\u00e9coute, car dans l&rsquo;\u00e9change nous grandissons ? Se rassurer sur ce que vous croyez ? Amplifier une nouvelle dont vous avez eu la primeur ? R\u00e9p\u00e9ter une information non v\u00e9rifi\u00e9e ? Apaiser les tensions ou au contraire amplifier les r\u00e9actions ? Qui servez-vous ? Le \u00ab\u00a0on m&rsquo;a dit\u00a0\u00bb est une pratique courante qui peut faire des d\u00e9g\u00e2ts dans les familles, entre amis, entre<br \/>coll\u00e8gues.<\/p><p>Au travail, c&rsquo;est une autre affaire : parler des uns et des autres rel\u00e8ve d&rsquo;un d\u00e9fi, qui peut se retourner rapidement contre vous en fonction du dynamisme de l&rsquo;entreprise ou de la mentalit\u00e9 de vos coll\u00e8gues. Observer un coll\u00e8gue qui a des difficult\u00e9s et \u00eatre l\u00e0 pour l&rsquo;aider, l&rsquo;accompagner afin qu&rsquo;il d\u00e9passe son probl\u00e8me, cela semble juste, sauf si vous voulez sa place\u2026 que vous vous d\u00e9lectez de ses difficult\u00e9s, car vous n&rsquo;aimez pas cette personne, que vous vous posez comme d\u00e9tenteur de la v\u00e9rit\u00e9. La malice est partout et le pi\u00e8ge n&rsquo;est pas toujours \u00e9vident \u00e0 \u00e9viter. La r\u00e9putation d&rsquo;un \u00eatre vient de son attitude, mais \u00e9galement des \u00eatres qui se trouvent en face de lui. Sont-ils l\u00e0 pour grandir, construire, apprendre, d\u00e9velopper leur entreprise ? Vous soutenez-vous les uns et les autres face \u00e0 l&rsquo;adversit\u00e9 ? Ou jouez-vous individuel face au patron ou aux responsabilit\u00e9s ? Quel est cet appel int\u00e9rieur de vouloir savoir ? Ou au contraire, \u00ab \u00e7a ne me regarde pas \u00bb. S&rsquo;en m\u00ealer ou passer son chemin ? La curiosit\u00e9 est un vilain d\u00e9faut, et pourtant, lorsque vous \u00eates enferm\u00e9 dans votre bureau, vous apprenez qu&rsquo;il se passe des histoires\u2026 Vos oreilles s&rsquo;agrandissent. Faut-il intervenir et dans quel but ou au contraire faire l&rsquo;autruche ? Tout d\u00e9pend de votre intention et de la situation.<\/p><p>La solution pour \u00e9viter le pi\u00e8ge du comm\u00e9rage r\u00e9side dans cette introspection, cette objectivit\u00e9. Quel acteur \u00eates-vous ? Quel voisin, ami, cousin, manager, employ\u00e9 \u00eates-vous ? Vous remettez-vous en question ? Voyez-vous le mal qui se propage lorsque vous r\u00e9p\u00e9tez une histoire, un \u00e9v\u00e9nement qui ne vous concerne pas toujours ? \u00cates vous propagateur ou aidez-vous \u00e0 limiter les d\u00e9g\u00e2ts ? Les paroles sont une chose, mais les pens\u00e9es sont tout autant nocives ou positives pour l&rsquo;\u00eatre concern\u00e9. Ces questions simples ne sont pas une \u00e9vidence pour tous, et pourtant, en prenant du recul, en \u00ab tournant sa langue sept fois dans sa bouche \u00bb, beaucoup de choses pourraient \u00eatre \u00e9vit\u00e9es ou r\u00e9gl\u00e9es rapidement. \u00c0 chacun de regarder ce qu&rsquo;il apporte dans ces \u00e9changes avec l&rsquo;autre, ce qu&rsquo;il colporte, v\u00e9hicule sans toujours le savoir.<\/p><p>Nous sommes tous responsables et les victimes sont parfois les bourreaux sans en avoir conscience. \u00c0 nous de d\u00e9celer les pi\u00e8ges afin de cr\u00e9er l&rsquo;harmonie dans la communication avec chacun. Alors comment parlez-vous des autres aux autres ?<\/p>\t\t\t\t\t\t\t\t<\/div>\n\t\t\t\t<\/div>\n\t\t\t\t<div class=\"elementor-element elementor-element-e016a8c elementor-widget elementor-widget-spacer\" data-id=\"e016a8c\" data-element_type=\"widget\" data-e-type=\"widget\" data-widget_type=\"spacer.default\">\n\t\t\t\t<div class=\"elementor-widget-container\">\n\t\t\t\t\t\t\t<div class=\"elementor-spacer\">\n\t\t\t<div class=\"elementor-spacer-inner\"><\/div>\n\t\t<\/div>\n\t\t\t\t\t\t<\/div>\n\t\t\t\t<\/div>\n\t\t\t\t<div class=\"elementor-element elementor-element-2ac9878 elementor-widget elementor-widget-text-editor\" data-id=\"2ac9878\" data-element_type=\"widget\" data-e-type=\"widget\" data-widget_type=\"text-editor.default\">\n\t\t\t\t<div class=\"elementor-widget-container\">\n\t\t\t\t\t\t\t\t\t<p>\u00a9Karine Ca\u00f1adas | Tous droits r\u00e9serv\u00e9s | Copie partielle ou int\u00e9grale des \u0153uvres et des textes interdite.<\/p>\t\t\t\t\t\t\t\t<\/div>\n\t\t\t\t<\/div>\n\t\t\t\t\t<\/div>\n\t\t\t\t<\/div>\n\t\t\t\t<\/div>","protected":false},"excerpt":{"rendered":"<p>Comment parlons-nous des autres ? L&rsquo;\u00eatre humain est un \u00eatre de communication. \u00c0 travers l&rsquo;autre, il apprend, se confronte, \u00e9change, partage, grandit\u2026 Pour ce faire, il parle parfois beaucoup, parfois peu, de mani\u00e8re spontan\u00e9e, avec vivacit\u00e9, timidement ou avec arrogance, de mani\u00e8re discr\u00e8te ou \u00e0 voix haute pour que tout le monde entende. Il existe&hellip; <br \/> <a class=\"read-more\" href=\"https:\/\/www.librenmeta.org\/en\/texte-comment-parlons-nous-des-autres\/\">Read more<\/a><\/p>","protected":false},"author":1,"featured_media":0,"parent":0,"menu_order":0,"comment_status":"closed","ping_status":"closed","template":"elementor_header_footer","meta":{"footnotes":""},"class_list":["post-5680","page","type-page","status-publish","hentry"],"yoast_head":"<!-- This site is optimized with the Yoast SEO plugin v27.4 - https:\/\/yoast.com\/product\/yoast-seo-wordpress\/ -->\n<title>Texte Comment parlons-nous des autres ? - Librenmeta<\/title>\n<meta name=\"robots\" content=\"index, follow, max-snippet:-1, max-image-preview:large, max-video-preview:-1\" \/>\n<link rel=\"canonical\" href=\"https:\/\/www.librenmeta.org\/en\/texte-comment-parlons-nous-des-autres\/\" \/>\n<meta property=\"og:locale\" content=\"en_GB\" \/>\n<meta property=\"og:type\" content=\"article\" \/>\n<meta property=\"og:title\" content=\"Texte Comment parlons-nous des autres ? - Librenmeta\" \/>\n<meta property=\"og:description\" content=\"Comment parlons-nous des autres ? L&rsquo;\u00eatre humain est un \u00eatre de communication. \u00c0 travers l&rsquo;autre, il apprend, se confronte, \u00e9change, partage, grandit\u2026 Pour ce faire, il parle parfois beaucoup, parfois peu, de mani\u00e8re spontan\u00e9e, avec vivacit\u00e9, timidement ou avec arrogance, de mani\u00e8re discr\u00e8te ou \u00e0 voix haute pour que tout le monde entende. Il existe&hellip; Read more\" \/>\n<meta property=\"og:url\" content=\"https:\/\/www.librenmeta.org\/en\/texte-comment-parlons-nous-des-autres\/\" \/>\n<meta property=\"og:site_name\" content=\"Librenmeta\" \/>\n<meta property=\"article:modified_time\" content=\"2026-04-13T06:16:37+00:00\" \/>\n<meta property=\"og:image\" content=\"https:\/\/www.librenmeta.org\/wp-content\/uploads\/2026\/01\/4.-Comment-parlons-nous-des-autres-1024x768.jpg\" \/>\n<meta name=\"twitter:card\" content=\"summary_large_image\" \/>\n<meta name=\"twitter:label1\" content=\"Estimated reading time\" \/>\n\t<meta name=\"twitter:data1\" content=\"5 minutes\" \/>\n<script type=\"application\/ld+json\" class=\"yoast-schema-graph\">{\"@context\":\"https:\\\/\\\/schema.org\",\"@graph\":[{\"@type\":\"WebPage\",\"@id\":\"https:\\\/\\\/www.librenmeta.org\\\/texte-comment-parlons-nous-des-autres\\\/\",\"url\":\"https:\\\/\\\/www.librenmeta.org\\\/texte-comment-parlons-nous-des-autres\\\/\",\"name\":\"Texte Comment parlons-nous des autres ? - Librenmeta\",\"isPartOf\":{\"@id\":\"https:\\\/\\\/www.librenmeta.org\\\/#website\"},\"primaryImageOfPage\":{\"@id\":\"https:\\\/\\\/www.librenmeta.org\\\/texte-comment-parlons-nous-des-autres\\\/#primaryimage\"},\"image\":{\"@id\":\"https:\\\/\\\/www.librenmeta.org\\\/texte-comment-parlons-nous-des-autres\\\/#primaryimage\"},\"thumbnailUrl\":\"https:\\\/\\\/www.librenmeta.org\\\/wp-content\\\/uploads\\\/2026\\\/01\\\/4.-Comment-parlons-nous-des-autres-1024x768.jpg\",\"datePublished\":\"2026-01-07T19:53:48+00:00\",\"dateModified\":\"2026-04-13T06:16:37+00:00\",\"breadcrumb\":{\"@id\":\"https:\\\/\\\/www.librenmeta.org\\\/texte-comment-parlons-nous-des-autres\\\/#breadcrumb\"},\"inLanguage\":\"en-GB\",\"potentialAction\":[{\"@type\":\"ReadAction\",\"target\":[\"https:\\\/\\\/www.librenmeta.org\\\/texte-comment-parlons-nous-des-autres\\\/\"]}]},{\"@type\":\"ImageObject\",\"inLanguage\":\"en-GB\",\"@id\":\"https:\\\/\\\/www.librenmeta.org\\\/texte-comment-parlons-nous-des-autres\\\/#primaryimage\",\"url\":\"https:\\\/\\\/www.librenmeta.org\\\/wp-content\\\/uploads\\\/2026\\\/01\\\/4.-Comment-parlons-nous-des-autres-1024x768.jpg\",\"contentUrl\":\"https:\\\/\\\/www.librenmeta.org\\\/wp-content\\\/uploads\\\/2026\\\/01\\\/4.-Comment-parlons-nous-des-autres-1024x768.jpg\"},{\"@type\":\"BreadcrumbList\",\"@id\":\"https:\\\/\\\/www.librenmeta.org\\\/texte-comment-parlons-nous-des-autres\\\/#breadcrumb\",\"itemListElement\":[{\"@type\":\"ListItem\",\"position\":1,\"name\":\"Accueil\",\"item\":\"https:\\\/\\\/www.librenmeta.org\\\/\"},{\"@type\":\"ListItem\",\"position\":2,\"name\":\"Texte Comment parlons-nous des autres ?\"}]},{\"@type\":\"WebSite\",\"@id\":\"https:\\\/\\\/www.librenmeta.org\\\/#website\",\"url\":\"https:\\\/\\\/www.librenmeta.org\\\/\",\"name\":\"Librenmeta\",\"description\":\"La Libert\u00e9 d&#039;\u00catre Soi\",\"publisher\":{\"@id\":\"https:\\\/\\\/www.librenmeta.org\\\/#organization\"},\"potentialAction\":[{\"@type\":\"SearchAction\",\"target\":{\"@type\":\"EntryPoint\",\"urlTemplate\":\"https:\\\/\\\/www.librenmeta.org\\\/?s={search_term_string}\"},\"query-input\":{\"@type\":\"PropertyValueSpecification\",\"valueRequired\":true,\"valueName\":\"search_term_string\"}}],\"inLanguage\":\"en-GB\"},{\"@type\":\"Organization\",\"@id\":\"https:\\\/\\\/www.librenmeta.org\\\/#organization\",\"name\":\"Librenmeta\",\"url\":\"https:\\\/\\\/www.librenmeta.org\\\/\",\"logo\":{\"@type\":\"ImageObject\",\"inLanguage\":\"en-GB\",\"@id\":\"https:\\\/\\\/www.librenmeta.org\\\/#\\\/schema\\\/logo\\\/image\\\/\",\"url\":\"https:\\\/\\\/www.librenmeta.org\\\/wp-content\\\/uploads\\\/2025\\\/02\\\/cropped-cropped-logo-librenmeta.png\",\"contentUrl\":\"https:\\\/\\\/www.librenmeta.org\\\/wp-content\\\/uploads\\\/2025\\\/02\\\/cropped-cropped-logo-librenmeta.png\",\"width\":583,\"height\":298,\"caption\":\"Librenmeta\"},\"image\":{\"@id\":\"https:\\\/\\\/www.librenmeta.org\\\/#\\\/schema\\\/logo\\\/image\\\/\"}}]}<\/script>\n<!-- \/ Yoast SEO plugin. -->","yoast_head_json":{"title":"Texte Comment parlons-nous des autres ? - Librenmeta","robots":{"index":"index","follow":"follow","max-snippet":"max-snippet:-1","max-image-preview":"max-image-preview:large","max-video-preview":"max-video-preview:-1"},"canonical":"https:\/\/www.librenmeta.org\/en\/texte-comment-parlons-nous-des-autres\/","og_locale":"en_GB","og_type":"article","og_title":"Texte Comment parlons-nous des autres ? - Librenmeta","og_description":"Comment parlons-nous des autres ? L&rsquo;\u00eatre humain est un \u00eatre de communication. \u00c0 travers l&rsquo;autre, il apprend, se confronte, \u00e9change, partage, grandit\u2026 Pour ce faire, il parle parfois beaucoup, parfois peu, de mani\u00e8re spontan\u00e9e, avec vivacit\u00e9, timidement ou avec arrogance, de mani\u00e8re discr\u00e8te ou \u00e0 voix haute pour que tout le monde entende. Il existe&hellip; Read more","og_url":"https:\/\/www.librenmeta.org\/en\/texte-comment-parlons-nous-des-autres\/","og_site_name":"Librenmeta","article_modified_time":"2026-04-13T06:16:37+00:00","og_image":[{"url":"https:\/\/www.librenmeta.org\/wp-content\/uploads\/2026\/01\/4.-Comment-parlons-nous-des-autres-1024x768.jpg","type":"","width":"","height":""}],"twitter_card":"summary_large_image","twitter_misc":{"Estimated reading time":"5 minutes"},"schema":{"@context":"https:\/\/schema.org","@graph":[{"@type":"WebPage","@id":"https:\/\/www.librenmeta.org\/texte-comment-parlons-nous-des-autres\/","url":"https:\/\/www.librenmeta.org\/texte-comment-parlons-nous-des-autres\/","name":"Texte Comment parlons-nous des autres ? - Librenmeta","isPartOf":{"@id":"https:\/\/www.librenmeta.org\/#website"},"primaryImageOfPage":{"@id":"https:\/\/www.librenmeta.org\/texte-comment-parlons-nous-des-autres\/#primaryimage"},"image":{"@id":"https:\/\/www.librenmeta.org\/texte-comment-parlons-nous-des-autres\/#primaryimage"},"thumbnailUrl":"https:\/\/www.librenmeta.org\/wp-content\/uploads\/2026\/01\/4.-Comment-parlons-nous-des-autres-1024x768.jpg","datePublished":"2026-01-07T19:53:48+00:00","dateModified":"2026-04-13T06:16:37+00:00","breadcrumb":{"@id":"https:\/\/www.librenmeta.org\/texte-comment-parlons-nous-des-autres\/#breadcrumb"},"inLanguage":"en-GB","potentialAction":[{"@type":"ReadAction","target":["https:\/\/www.librenmeta.org\/texte-comment-parlons-nous-des-autres\/"]}]},{"@type":"ImageObject","inLanguage":"en-GB","@id":"https:\/\/www.librenmeta.org\/texte-comment-parlons-nous-des-autres\/#primaryimage","url":"https:\/\/www.librenmeta.org\/wp-content\/uploads\/2026\/01\/4.-Comment-parlons-nous-des-autres-1024x768.jpg","contentUrl":"https:\/\/www.librenmeta.org\/wp-content\/uploads\/2026\/01\/4.-Comment-parlons-nous-des-autres-1024x768.jpg"},{"@type":"BreadcrumbList","@id":"https:\/\/www.librenmeta.org\/texte-comment-parlons-nous-des-autres\/#breadcrumb","itemListElement":[{"@type":"ListItem","position":1,"name":"Accueil","item":"https:\/\/www.librenmeta.org\/"},{"@type":"ListItem","position":2,"name":"Texte Comment parlons-nous des autres ?"}]},{"@type":"WebSite","@id":"https:\/\/www.librenmeta.org\/#website","url":"https:\/\/www.librenmeta.org\/","name":"Librenmeta","description":"La Libert\u00e9 d&#039;\u00catre Soi","publisher":{"@id":"https:\/\/www.librenmeta.org\/#organization"},"potentialAction":[{"@type":"SearchAction","target":{"@type":"EntryPoint","urlTemplate":"https:\/\/www.librenmeta.org\/?s={search_term_string}"},"query-input":{"@type":"PropertyValueSpecification","valueRequired":true,"valueName":"search_term_string"}}],"inLanguage":"en-GB"},{"@type":"Organization","@id":"https:\/\/www.librenmeta.org\/#organization","name":"Librenmeta","url":"https:\/\/www.librenmeta.org\/","logo":{"@type":"ImageObject","inLanguage":"en-GB","@id":"https:\/\/www.librenmeta.org\/#\/schema\/logo\/image\/","url":"https:\/\/www.librenmeta.org\/wp-content\/uploads\/2025\/02\/cropped-cropped-logo-librenmeta.png","contentUrl":"https:\/\/www.librenmeta.org\/wp-content\/uploads\/2025\/02\/cropped-cropped-logo-librenmeta.png","width":583,"height":298,"caption":"Librenmeta"},"image":{"@id":"https:\/\/www.librenmeta.org\/#\/schema\/logo\/image\/"}}]}},"_links":{"self":[{"href":"https:\/\/www.librenmeta.org\/en\/wp-json\/wp\/v2\/pages\/5680","targetHints":{"allow":["GET"]}}],"collection":[{"href":"https:\/\/www.librenmeta.org\/en\/wp-json\/wp\/v2\/pages"}],"about":[{"href":"https:\/\/www.librenmeta.org\/en\/wp-json\/wp\/v2\/types\/page"}],"author":[{"embeddable":true,"href":"https:\/\/www.librenmeta.org\/en\/wp-json\/wp\/v2\/users\/1"}],"replies":[{"embeddable":true,"href":"https:\/\/www.librenmeta.org\/en\/wp-json\/wp\/v2\/comments?post=5680"}],"version-history":[{"count":2,"href":"https:\/\/www.librenmeta.org\/en\/wp-json\/wp\/v2\/pages\/5680\/revisions"}],"predecessor-version":[{"id":5688,"href":"https:\/\/www.librenmeta.org\/en\/wp-json\/wp\/v2\/pages\/5680\/revisions\/5688"}],"wp:attachment":[{"href":"https:\/\/www.librenmeta.org\/en\/wp-json\/wp\/v2\/media?parent=5680"}],"curies":[{"name":"wp","href":"https:\/\/api.w.org\/{rel}","templated":true}]}}