{"id":5689,"date":"2026-01-07T21:12:48","date_gmt":"2026-01-07T20:12:48","guid":{"rendered":"https:\/\/www.librenmeta.org\/?page_id=5689"},"modified":"2026-01-07T21:19:57","modified_gmt":"2026-01-07T20:19:57","slug":"texte-les-limites-de-la-comprehension","status":"publish","type":"page","link":"https:\/\/www.librenmeta.org\/en\/texte-les-limites-de-la-comprehension\/","title":{"rendered":"Texte Les limites de la compr\u00e9hension"},"content":{"rendered":"<div data-elementor-type=\"wp-page\" data-elementor-id=\"5689\" class=\"elementor elementor-5689\">\n\t\t\t\t<div class=\"elementor-element elementor-element-29d7e38 e-con-full e-flex e-con e-parent\" data-id=\"29d7e38\" data-element_type=\"container\" data-e-type=\"container\">\n\t\t\t\t<\/div>\n\t\t<div class=\"elementor-element elementor-element-163896e e-flex e-con-boxed e-con e-parent\" data-id=\"163896e\" data-element_type=\"container\" data-e-type=\"container\">\n\t\t\t\t\t<div class=\"e-con-inner\">\n\t\t\t\t<div class=\"elementor-element elementor-element-5fceaf8 elementor-widget elementor-widget-image\" data-id=\"5fceaf8\" data-element_type=\"widget\" data-e-type=\"widget\" data-widget_type=\"image.default\">\n\t\t\t\t<div class=\"elementor-widget-container\">\n\t\t\t\t\t\t\t\t\t\t\t\t\t\t\t<img fetchpriority=\"high\" decoding=\"async\" width=\"1024\" height=\"722\" src=\"https:\/\/www.librenmeta.org\/wp-content\/uploads\/2026\/01\/5.-Les-limites-de-la-comprehension-1024x722.jpg\" class=\"attachment-large size-large wp-image-5657\" alt=\"\" srcset=\"https:\/\/www.librenmeta.org\/wp-content\/uploads\/2026\/01\/5.-Les-limites-de-la-comprehension-1024x722.jpg 1024w, https:\/\/www.librenmeta.org\/wp-content\/uploads\/2026\/01\/5.-Les-limites-de-la-comprehension-300x211.jpg 300w, https:\/\/www.librenmeta.org\/wp-content\/uploads\/2026\/01\/5.-Les-limites-de-la-comprehension-768x541.jpg 768w, https:\/\/www.librenmeta.org\/wp-content\/uploads\/2026\/01\/5.-Les-limites-de-la-comprehension-1536x1083.jpg 1536w, https:\/\/www.librenmeta.org\/wp-content\/uploads\/2026\/01\/5.-Les-limites-de-la-comprehension-2048x1443.jpg 2048w, https:\/\/www.librenmeta.org\/wp-content\/uploads\/2026\/01\/5.-Les-limites-de-la-comprehension-18x12.jpg 18w, https:\/\/www.librenmeta.org\/wp-content\/uploads\/2026\/01\/5.-Les-limites-de-la-comprehension-1532x1080.jpg 1532w\" sizes=\"(max-width: 1024px) 100vw, 1024px\" \/>\t\t\t\t\t\t\t\t\t\t\t\t\t\t\t<\/div>\n\t\t\t\t<\/div>\n\t\t\t\t<div class=\"elementor-element elementor-element-35ab6be elementor-widget elementor-widget-heading\" data-id=\"35ab6be\" data-element_type=\"widget\" data-e-type=\"widget\" data-widget_type=\"heading.default\">\n\t\t\t\t<div class=\"elementor-widget-container\">\n\t\t\t\t\t<h2 class=\"elementor-heading-title elementor-size-default\">Les limites de la compr\u00e9hension<\/h2>\t\t\t\t<\/div>\n\t\t\t\t<\/div>\n\t\t\t\t<div class=\"elementor-element elementor-element-0fe92a7 elementor-widget elementor-widget-text-editor\" data-id=\"0fe92a7\" data-element_type=\"widget\" data-e-type=\"widget\" data-widget_type=\"text-editor.default\">\n\t\t\t\t<div class=\"elementor-widget-container\">\n\t\t\t\t\t\t\t\t\tL&rsquo;humain aime comprendre. Il se questionne, d\u00e9monte les objets, regarde des vid\u00e9os, lit des livres sur tous les sujets et \u00e0 force de chercher, il apprend. Certains deviennent savants, des connaisseurs dans tel ou tel domaine, s&rsquo;appropriant les th\u00e9ories des uns et des autres, formatant \u00e9galement les leurs en lien avec leurs exp\u00e9riences. La majorit\u00e9 sait des choses sans jamais les avoir r\u00e9ellement v\u00e9cues, simplement en les comprenant, c&rsquo;est assez extraordinaire !\n\nMais entre comprendre, savoir et int\u00e9grer, quelle est la limite ? Sommes-nous \u00e9rudits en spiritualit\u00e9, car nous avons lu la Bible ? Sommes-nous historiens en lisant la vie de Napol\u00e9on ? Sommes-nous des sp\u00e9cialistes sur la vie apr\u00e8s la mort en ayant lu des ouvrages, vu des vid\u00e9os ou v\u00e9cu certaines exp\u00e9riences ? Entre comprendre et vivre la profondeur de ce que la vie nous enseigne, o\u00f9 en sommes-nous ?\n\nPendant l&rsquo;enfance, notre curiosit\u00e9 naturelle nous pousse \u00e0 sortir de la poussette ou du parc pour d\u00e9couvrir le monde et son fonctionnement. L&rsquo;enfant est fascin\u00e9 par certains bruits, objets et mati\u00e8res, puis dans son grandissement, il continue d&rsquo;essayer de comprendre comment \u00e7a fonctionne. Le plus intriguant est de comprendre ses parents, ses semblables, donc les \u00eatres humains. Depuis le ventre de sa m\u00e8re, il observe celle qui lui apprendra comment vivre dans le monde. Il ressent ses pens\u00e9es et essaye tant bien que mal de s&rsquo;adapter \u00e0 ce ventre qui lui donne la vie. D\u00e8s son arriv\u00e9e \u00e0 la maison, il en sait intuitivement plus que ses propres parents sur leurs comportements, leurs peurs, leurs forces. Bien entendu, il ne peut pas le verbaliser de mani\u00e8re claire et audible pour les adultes. Le nouveau-n\u00e9 calque souvent son comportement en fonction de son environnement, luttant ou s&rsquo;adaptant \u00e0 ce qu&rsquo;il ressent. Le b\u00e9b\u00e9 ne r\u00e9fl\u00e9chit pas, il est en constante m\u00e9ditation, surfant entre ses besoins naturels primaires et les \u00e9nergies des \u00eatres qui l&rsquo;entourent et toutes les \u00e9manations de leurs outils de vie au quotidien. Il a commenc\u00e9 \u00e0 vivre son karma et son chemin d&rsquo;exp\u00e9riences.\n\nL&rsquo;\u00eatre, en gardant sa curiosit\u00e9 ou son besoin de comprendre, va continuer d&rsquo;apprendre, mais pour quoi faire finalement ? \u00c0 quoi vont lui servir les logiciels d&rsquo;infographie si son m\u00e9tier n&rsquo;a rien \u00e0 voir avec cette capacit\u00e9 ? Pourquoi toujours apprendre quelque chose ? Il est vrai que celui qui arr\u00eate d&rsquo;apprendre risque de v\u00e9g\u00e9ter, de se retrouver \u00e0 ne rien faire et pour la majorit\u00e9, cela ressemble \u00e0 la mort. L&rsquo;humain court, travaille, voyage, lit, apprend et finalement, il sait tellement de choses ! Mais que sait-il ? \u00c0 quoi lui sert tout ce savoir ? Est-ce pour d\u00e9velopper son cerveau ? Est-ce pour \u00eatre plus performant dans son travail ou dans son art ? Est-ce pour \u00e9pater sa famille ? Est-ce pour \u00eatre reconnu parmi ses pairs ? Est-ce pour ne pas sombrer dans la d\u00e9pression d\u2019un mental sans action, sans but dans la vie que celui d\u2019apprendre ou de prendre du plaisir ? Est-ce pour remplir ce vide qu&rsquo;est la vie si elle s&rsquo;arr\u00eate ?\n\nLa compr\u00e9hension est le premier pas de celui qui se pose des questions existentielles. C&rsquo;est une \u00e9vidence lorsqu&rsquo;une question vient \u00e0 lui. L&rsquo;humain veut savoir et aime comprendre d&rsquo;o\u00f9 il vient, ce qui est apr\u00e8s la mort, pourquoi il ressent certaines choses inexplicables par la logique. Plus l&rsquo;\u00eatre va se regarder int\u00e9rieurement et moins il risque de comprendre les choses de la vie qui le d\u00e9passent. Bien entendu, il va continuer \u00e0 vouloir tout comprendre, m\u00eame Dieu ! Un scientifique est sur le point de prouver que Dieu existe. On peut se demander si cet \u00eatre le fait pour lui ou pour les autres ? Voil\u00e0 toute la question. Pourquoi cherchons-nous \u00e0 toujours vouloir tout comprendre ? Pourquoi tel ou tel agissement Pourquoi cette maladie ? Pourquoi je me retrouve toujours dans cette situation ? Pourquoi ? Les questions am\u00e8nent toujours plus de questions. C&rsquo;est parfois une qu\u00eate d&rsquo;une vie, mais quel est le but ? Ne serait-ce pas \u00e9gotique finalement de toujours vouloir tout comprendre ?\n\nIl arrive un moment o\u00f9 l&rsquo;humain risque de s&rsquo;\u00e9touffer et de s&rsquo;illusionner par son besoin de comprendre et de savoir. Le cerveau est grand et puissant, c&rsquo;est un organe extraordinaire, mais \u00e0 la fin de la vie, la prise se d\u00e9branche et que reste-t-il de tous ces livres ? De tous ces voyages ? De toutes ces exp\u00e9riences ? De toutes ces r\u00e9flexions ? Qu&rsquo;allons-nous retenir de cette course o\u00f9 nous contr\u00f4lons notre \u00eatre, les autres et notre environnement tant bien que mal ?\n\nEt si parfois nous arrivions \u00e0 d\u00e9brancher notre mental pour \u00eatre simplement pr\u00e9sent \u00e0 la vie, pour ouvrir nos yeux int\u00e9rieurs sur le sens de notre exp\u00e9rience sur terre ? Peut-\u00eatre que la r\u00e9ponse \u00e0 la question la plus existentielle \u00ab Qui suis-je ? \u00bb, vit en nous ? Que toutes les r\u00e9ponses sont d\u00e9j\u00e0 l\u00e0, mais que nous n\u2019en voyons rien, \u00e9blouis par notre qu\u00eate du bonheur, du bien-\u00eatre, de l\u2019\u00e9loignement de la mort par la course aux actions ?\nL&rsquo;Amour ne s&rsquo;explique pas, il se vit, se partage, s&rsquo;amplifie, s&rsquo;arrose, il est en nous et autour de nous. Le questionnement est le premier pas pour sortir de sa condition et de sa situation. Cependant, la compr\u00e9hension ne suffit pas toujours et nous limite dans ce grandissement int\u00e9rieur. Elle nous fait croire que nous avons grandi, alors que nos comportements sont toujours les m\u00eames. N&rsquo;est-ce pas paradoxal, finalement, de croire que nous savons alors que finalement nous ne savons rien ou si peu ? Pensons \u00e0 ce bonheur de ne pas savoir et de se retrouver comme cet enfant en perp\u00e9tuelle m\u00e9ditation, en amour devant des \u00eatres qui souffrent, mais qui vivent avec lui et s&rsquo;occupent de lui.\n\nEn arr\u00eatant de tout vouloir comprendre ou contr\u00f4ler, ne sommes-nous pas plus pr\u00e9sents, attentifs et conscients de notre vie ? En acceptant nos limitations avec humilit\u00e9 et joie, nous pouvons \u00eatre tels le b\u00e9b\u00e9 dans sa poussette, conscient, insouciant, mais souriant \u00e0 la vie et \u00e0 tous les inconnus.\t\t\t\t\t\t\t\t<\/div>\n\t\t\t\t<\/div>\n\t\t\t\t<div class=\"elementor-element elementor-element-e016a8c elementor-widget elementor-widget-spacer\" data-id=\"e016a8c\" data-element_type=\"widget\" data-e-type=\"widget\" data-widget_type=\"spacer.default\">\n\t\t\t\t<div class=\"elementor-widget-container\">\n\t\t\t\t\t\t\t<div class=\"elementor-spacer\">\n\t\t\t<div class=\"elementor-spacer-inner\"><\/div>\n\t\t<\/div>\n\t\t\t\t\t\t<\/div>\n\t\t\t\t<\/div>\n\t\t\t\t<div class=\"elementor-element elementor-element-2ac9878 elementor-widget elementor-widget-text-editor\" data-id=\"2ac9878\" data-element_type=\"widget\" data-e-type=\"widget\" data-widget_type=\"text-editor.default\">\n\t\t\t\t<div class=\"elementor-widget-container\">\n\t\t\t\t\t\t\t\t\t<p>\u00a9Karine Ca\u00f1adas | Tous droits r\u00e9serv\u00e9s | Copie partielle ou int\u00e9grale des \u0153uvres et des textes interdite.<\/p>\t\t\t\t\t\t\t\t<\/div>\n\t\t\t\t<\/div>\n\t\t\t\t\t<\/div>\n\t\t\t\t<\/div>\n\t\t\t\t<\/div>","protected":false},"excerpt":{"rendered":"<p>Les limites de la compr\u00e9hension L&rsquo;humain aime comprendre. Il se questionne, d\u00e9monte les objets, regarde des vid\u00e9os, lit des livres sur tous les sujets et \u00e0 force de chercher, il apprend. Certains deviennent savants, des connaisseurs dans tel ou tel domaine, s&rsquo;appropriant les th\u00e9ories des uns et des autres, formatant \u00e9galement les leurs en lien&hellip; <br \/> <a class=\"read-more\" href=\"https:\/\/www.librenmeta.org\/en\/texte-les-limites-de-la-comprehension\/\">Read more<\/a><\/p>","protected":false},"author":1,"featured_media":0,"parent":0,"menu_order":0,"comment_status":"closed","ping_status":"closed","template":"elementor_header_footer","meta":{"footnotes":""},"class_list":["post-5689","page","type-page","status-publish","hentry"],"yoast_head":"<!-- This site is optimized with the Yoast SEO plugin v27.4 - https:\/\/yoast.com\/product\/yoast-seo-wordpress\/ -->\n<title>Texte Les limites de la compr\u00e9hension - Librenmeta<\/title>\n<meta name=\"robots\" content=\"index, follow, max-snippet:-1, max-image-preview:large, max-video-preview:-1\" \/>\n<link rel=\"canonical\" href=\"https:\/\/www.librenmeta.org\/en\/texte-les-limites-de-la-comprehension\/\" \/>\n<meta property=\"og:locale\" content=\"en_GB\" \/>\n<meta property=\"og:type\" content=\"article\" \/>\n<meta property=\"og:title\" content=\"Texte Les limites de la compr\u00e9hension - Librenmeta\" \/>\n<meta property=\"og:description\" content=\"Les limites de la compr\u00e9hension L&rsquo;humain aime comprendre. Il se questionne, d\u00e9monte les objets, regarde des vid\u00e9os, lit des livres sur tous les sujets et \u00e0 force de chercher, il apprend. Certains deviennent savants, des connaisseurs dans tel ou tel domaine, s&rsquo;appropriant les th\u00e9ories des uns et des autres, formatant \u00e9galement les leurs en lien&hellip; Read more\" \/>\n<meta property=\"og:url\" content=\"https:\/\/www.librenmeta.org\/en\/texte-les-limites-de-la-comprehension\/\" \/>\n<meta property=\"og:site_name\" content=\"Librenmeta\" \/>\n<meta property=\"article:modified_time\" content=\"2026-01-07T20:19:57+00:00\" \/>\n<meta property=\"og:image\" content=\"https:\/\/www.librenmeta.org\/wp-content\/uploads\/2026\/01\/5.-Les-limites-de-la-comprehension-1024x722.jpg\" \/>\n\t<meta property=\"og:image:width\" content=\"1024\" \/>\n\t<meta property=\"og:image:height\" content=\"722\" \/>\n\t<meta property=\"og:image:type\" content=\"image\/jpeg\" \/>\n<meta name=\"twitter:card\" content=\"summary_large_image\" \/>\n<meta name=\"twitter:label1\" content=\"Estimated reading time\" \/>\n\t<meta name=\"twitter:data1\" content=\"6 minutes\" \/>\n<script type=\"application\/ld+json\" class=\"yoast-schema-graph\">{\"@context\":\"https:\\\/\\\/schema.org\",\"@graph\":[{\"@type\":\"WebPage\",\"@id\":\"https:\\\/\\\/www.librenmeta.org\\\/texte-les-limites-de-la-comprehension\\\/\",\"url\":\"https:\\\/\\\/www.librenmeta.org\\\/texte-les-limites-de-la-comprehension\\\/\",\"name\":\"Texte Les limites de la compr\u00e9hension - Librenmeta\",\"isPartOf\":{\"@id\":\"https:\\\/\\\/www.librenmeta.org\\\/#website\"},\"primaryImageOfPage\":{\"@id\":\"https:\\\/\\\/www.librenmeta.org\\\/texte-les-limites-de-la-comprehension\\\/#primaryimage\"},\"image\":{\"@id\":\"https:\\\/\\\/www.librenmeta.org\\\/texte-les-limites-de-la-comprehension\\\/#primaryimage\"},\"thumbnailUrl\":\"https:\\\/\\\/www.librenmeta.org\\\/wp-content\\\/uploads\\\/2026\\\/01\\\/5.-Les-limites-de-la-comprehension-1024x722.jpg\",\"datePublished\":\"2026-01-07T20:12:48+00:00\",\"dateModified\":\"2026-01-07T20:19:57+00:00\",\"breadcrumb\":{\"@id\":\"https:\\\/\\\/www.librenmeta.org\\\/texte-les-limites-de-la-comprehension\\\/#breadcrumb\"},\"inLanguage\":\"en-GB\",\"potentialAction\":[{\"@type\":\"ReadAction\",\"target\":[\"https:\\\/\\\/www.librenmeta.org\\\/texte-les-limites-de-la-comprehension\\\/\"]}]},{\"@type\":\"ImageObject\",\"inLanguage\":\"en-GB\",\"@id\":\"https:\\\/\\\/www.librenmeta.org\\\/texte-les-limites-de-la-comprehension\\\/#primaryimage\",\"url\":\"https:\\\/\\\/www.librenmeta.org\\\/wp-content\\\/uploads\\\/2026\\\/01\\\/5.-Les-limites-de-la-comprehension-1024x722.jpg\",\"contentUrl\":\"https:\\\/\\\/www.librenmeta.org\\\/wp-content\\\/uploads\\\/2026\\\/01\\\/5.-Les-limites-de-la-comprehension-1024x722.jpg\"},{\"@type\":\"BreadcrumbList\",\"@id\":\"https:\\\/\\\/www.librenmeta.org\\\/texte-les-limites-de-la-comprehension\\\/#breadcrumb\",\"itemListElement\":[{\"@type\":\"ListItem\",\"position\":1,\"name\":\"Accueil\",\"item\":\"https:\\\/\\\/www.librenmeta.org\\\/\"},{\"@type\":\"ListItem\",\"position\":2,\"name\":\"Texte Les limites de la compr\u00e9hension\"}]},{\"@type\":\"WebSite\",\"@id\":\"https:\\\/\\\/www.librenmeta.org\\\/#website\",\"url\":\"https:\\\/\\\/www.librenmeta.org\\\/\",\"name\":\"Librenmeta\",\"description\":\"La Libert\u00e9 d&#039;\u00catre Soi\",\"publisher\":{\"@id\":\"https:\\\/\\\/www.librenmeta.org\\\/#organization\"},\"potentialAction\":[{\"@type\":\"SearchAction\",\"target\":{\"@type\":\"EntryPoint\",\"urlTemplate\":\"https:\\\/\\\/www.librenmeta.org\\\/?s={search_term_string}\"},\"query-input\":{\"@type\":\"PropertyValueSpecification\",\"valueRequired\":true,\"valueName\":\"search_term_string\"}}],\"inLanguage\":\"en-GB\"},{\"@type\":\"Organization\",\"@id\":\"https:\\\/\\\/www.librenmeta.org\\\/#organization\",\"name\":\"Librenmeta\",\"url\":\"https:\\\/\\\/www.librenmeta.org\\\/\",\"logo\":{\"@type\":\"ImageObject\",\"inLanguage\":\"en-GB\",\"@id\":\"https:\\\/\\\/www.librenmeta.org\\\/#\\\/schema\\\/logo\\\/image\\\/\",\"url\":\"https:\\\/\\\/www.librenmeta.org\\\/wp-content\\\/uploads\\\/2025\\\/02\\\/cropped-cropped-logo-librenmeta.png\",\"contentUrl\":\"https:\\\/\\\/www.librenmeta.org\\\/wp-content\\\/uploads\\\/2025\\\/02\\\/cropped-cropped-logo-librenmeta.png\",\"width\":583,\"height\":298,\"caption\":\"Librenmeta\"},\"image\":{\"@id\":\"https:\\\/\\\/www.librenmeta.org\\\/#\\\/schema\\\/logo\\\/image\\\/\"}}]}<\/script>\n<!-- \/ Yoast SEO plugin. -->","yoast_head_json":{"title":"Texte Les limites de la compr\u00e9hension - Librenmeta","robots":{"index":"index","follow":"follow","max-snippet":"max-snippet:-1","max-image-preview":"max-image-preview:large","max-video-preview":"max-video-preview:-1"},"canonical":"https:\/\/www.librenmeta.org\/en\/texte-les-limites-de-la-comprehension\/","og_locale":"en_GB","og_type":"article","og_title":"Texte Les limites de la compr\u00e9hension - Librenmeta","og_description":"Les limites de la compr\u00e9hension L&rsquo;humain aime comprendre. Il se questionne, d\u00e9monte les objets, regarde des vid\u00e9os, lit des livres sur tous les sujets et \u00e0 force de chercher, il apprend. Certains deviennent savants, des connaisseurs dans tel ou tel domaine, s&rsquo;appropriant les th\u00e9ories des uns et des autres, formatant \u00e9galement les leurs en lien&hellip; Read more","og_url":"https:\/\/www.librenmeta.org\/en\/texte-les-limites-de-la-comprehension\/","og_site_name":"Librenmeta","article_modified_time":"2026-01-07T20:19:57+00:00","og_image":[{"width":1024,"height":722,"url":"https:\/\/www.librenmeta.org\/wp-content\/uploads\/2026\/01\/5.-Les-limites-de-la-comprehension-1024x722.jpg","type":"image\/jpeg"}],"twitter_card":"summary_large_image","twitter_misc":{"Estimated reading time":"6 minutes"},"schema":{"@context":"https:\/\/schema.org","@graph":[{"@type":"WebPage","@id":"https:\/\/www.librenmeta.org\/texte-les-limites-de-la-comprehension\/","url":"https:\/\/www.librenmeta.org\/texte-les-limites-de-la-comprehension\/","name":"Texte Les limites de la compr\u00e9hension - Librenmeta","isPartOf":{"@id":"https:\/\/www.librenmeta.org\/#website"},"primaryImageOfPage":{"@id":"https:\/\/www.librenmeta.org\/texte-les-limites-de-la-comprehension\/#primaryimage"},"image":{"@id":"https:\/\/www.librenmeta.org\/texte-les-limites-de-la-comprehension\/#primaryimage"},"thumbnailUrl":"https:\/\/www.librenmeta.org\/wp-content\/uploads\/2026\/01\/5.-Les-limites-de-la-comprehension-1024x722.jpg","datePublished":"2026-01-07T20:12:48+00:00","dateModified":"2026-01-07T20:19:57+00:00","breadcrumb":{"@id":"https:\/\/www.librenmeta.org\/texte-les-limites-de-la-comprehension\/#breadcrumb"},"inLanguage":"en-GB","potentialAction":[{"@type":"ReadAction","target":["https:\/\/www.librenmeta.org\/texte-les-limites-de-la-comprehension\/"]}]},{"@type":"ImageObject","inLanguage":"en-GB","@id":"https:\/\/www.librenmeta.org\/texte-les-limites-de-la-comprehension\/#primaryimage","url":"https:\/\/www.librenmeta.org\/wp-content\/uploads\/2026\/01\/5.-Les-limites-de-la-comprehension-1024x722.jpg","contentUrl":"https:\/\/www.librenmeta.org\/wp-content\/uploads\/2026\/01\/5.-Les-limites-de-la-comprehension-1024x722.jpg"},{"@type":"BreadcrumbList","@id":"https:\/\/www.librenmeta.org\/texte-les-limites-de-la-comprehension\/#breadcrumb","itemListElement":[{"@type":"ListItem","position":1,"name":"Accueil","item":"https:\/\/www.librenmeta.org\/"},{"@type":"ListItem","position":2,"name":"Texte Les limites de la compr\u00e9hension"}]},{"@type":"WebSite","@id":"https:\/\/www.librenmeta.org\/#website","url":"https:\/\/www.librenmeta.org\/","name":"Librenmeta","description":"La Libert\u00e9 d&#039;\u00catre Soi","publisher":{"@id":"https:\/\/www.librenmeta.org\/#organization"},"potentialAction":[{"@type":"SearchAction","target":{"@type":"EntryPoint","urlTemplate":"https:\/\/www.librenmeta.org\/?s={search_term_string}"},"query-input":{"@type":"PropertyValueSpecification","valueRequired":true,"valueName":"search_term_string"}}],"inLanguage":"en-GB"},{"@type":"Organization","@id":"https:\/\/www.librenmeta.org\/#organization","name":"Librenmeta","url":"https:\/\/www.librenmeta.org\/","logo":{"@type":"ImageObject","inLanguage":"en-GB","@id":"https:\/\/www.librenmeta.org\/#\/schema\/logo\/image\/","url":"https:\/\/www.librenmeta.org\/wp-content\/uploads\/2025\/02\/cropped-cropped-logo-librenmeta.png","contentUrl":"https:\/\/www.librenmeta.org\/wp-content\/uploads\/2025\/02\/cropped-cropped-logo-librenmeta.png","width":583,"height":298,"caption":"Librenmeta"},"image":{"@id":"https:\/\/www.librenmeta.org\/#\/schema\/logo\/image\/"}}]}},"_links":{"self":[{"href":"https:\/\/www.librenmeta.org\/en\/wp-json\/wp\/v2\/pages\/5689","targetHints":{"allow":["GET"]}}],"collection":[{"href":"https:\/\/www.librenmeta.org\/en\/wp-json\/wp\/v2\/pages"}],"about":[{"href":"https:\/\/www.librenmeta.org\/en\/wp-json\/wp\/v2\/types\/page"}],"author":[{"embeddable":true,"href":"https:\/\/www.librenmeta.org\/en\/wp-json\/wp\/v2\/users\/1"}],"replies":[{"embeddable":true,"href":"https:\/\/www.librenmeta.org\/en\/wp-json\/wp\/v2\/comments?post=5689"}],"version-history":[{"count":2,"href":"https:\/\/www.librenmeta.org\/en\/wp-json\/wp\/v2\/pages\/5689\/revisions"}],"predecessor-version":[{"id":5697,"href":"https:\/\/www.librenmeta.org\/en\/wp-json\/wp\/v2\/pages\/5689\/revisions\/5697"}],"wp:attachment":[{"href":"https:\/\/www.librenmeta.org\/en\/wp-json\/wp\/v2\/media?parent=5689"}],"curies":[{"name":"wp","href":"https:\/\/api.w.org\/{rel}","templated":true}]}}