{"id":5698,"date":"2026-01-11T14:33:08","date_gmt":"2026-01-11T13:33:08","guid":{"rendered":"https:\/\/www.librenmeta.org\/?page_id=5698"},"modified":"2026-01-11T14:38:32","modified_gmt":"2026-01-11T13:38:32","slug":"test-video","status":"publish","type":"page","link":"https:\/\/www.librenmeta.org\/en\/test-video\/","title":{"rendered":"Test vid\u00e9o"},"content":{"rendered":"<div data-elementor-type=\"wp-page\" data-elementor-id=\"5698\" class=\"elementor elementor-5698\">\n\t\t\t\t<div class=\"elementor-element elementor-element-92ec8a6 e-flex e-con-boxed e-con e-parent\" data-id=\"92ec8a6\" data-element_type=\"container\" data-e-type=\"container\">\n\t\t\t\t\t<div class=\"e-con-inner\">\n\t\t<div class=\"elementor-element elementor-element-ac443aa e-con-full e-flex e-con e-child\" data-id=\"ac443aa\" data-element_type=\"container\" data-e-type=\"container\">\n\t\t\t\t<div class=\"elementor-element elementor-element-5e6ef26 elementor-widget elementor-widget-video\" data-id=\"5e6ef26\" data-element_type=\"widget\" data-e-type=\"widget\" data-settings=\"{&quot;video_type&quot;:&quot;hosted&quot;,&quot;controls&quot;:&quot;yes&quot;}\" data-widget_type=\"video.default\">\n\t\t\t\t<div class=\"elementor-widget-container\">\n\t\t\t\t\t\t\t<div class=\"e-hosted-video elementor-wrapper elementor-open-inline\">\n\t\t\t\t\t<video class=\"elementor-video\" src=\"https:\/\/espace.pegase.org\/wp-content\/uploads\/2022\/11\/2020.12.17 L&#039;Art.mp4\" controls=\"\" preload=\"metadata\" controlslist=\"nodownload\" poster=\"https:\/\/espace.pegase.org\/wp-content\/uploads\/2021\/01\/Miniature-meditation_2020.12.17_lart.jpg\"><\/video>\n\t\t\t\t<\/div>\n\t\t\t\t\t\t<\/div>\n\t\t\t\t<\/div>\n\t\t\t\t<\/div>\n\t\t<div class=\"elementor-element elementor-element-485296b e-con-full e-flex e-con e-child\" data-id=\"485296b\" data-element_type=\"container\" data-e-type=\"container\">\n\t\t\t\t<div class=\"elementor-element elementor-element-2047580 elementor-widget elementor-widget-text-editor\" data-id=\"2047580\" data-element_type=\"widget\" data-e-type=\"widget\" data-widget_type=\"text-editor.default\">\n\t\t\t\t<div class=\"elementor-widget-container\">\n\t\t\t\t\t\t\t\t\t<p>Coucou Chlo\u00e9,<\/p><p>Voici le test vid\u00e9o. Il s&rsquo;agit d&rsquo;une vid\u00e9o qui se situe dans la biblioth\u00e8que de m\u00e9dias de l&rsquo;espace P\u00e9gase.\u00a0<\/p><p>Le lien est non copiable, car le clic droit sur la vid\u00e9o est d\u00e9sactiv\u00e9 (\u00e0 part pour des d\u00e9veloppeurs qui savent ouvrir la console de chargement de la page).<\/p><p>Donc d\u00e8s lors que l&rsquo;on enl\u00e8vera la vid\u00e9o de la page les gens n&rsquo;auront pas de moyen de la retrouver.<\/p><p>Si la vid\u00e9o est sur une page \u00e0 part comme c&rsquo;est le cas ici, on peut aussi mettre une date d&rsquo;autodestruction de la page ou bien la supprimer manuellement quand on le souhaite.\u00a0<\/p>\t\t\t\t\t\t\t\t<\/div>\n\t\t\t\t<\/div>\n\t\t\t\t<\/div>\n\t\t\t\t\t<\/div>\n\t\t\t\t<\/div>\n\t\t\t\t<\/div>","protected":false},"excerpt":{"rendered":"<p>https:\/\/espace.pegase.org\/wp-content\/uploads\/2022\/11\/2020.12.17%20L&#039;Art.mp4 Coucou Chlo\u00e9, Voici le test vid\u00e9o. Il s&rsquo;agit d&rsquo;une vid\u00e9o qui se situe dans la biblioth\u00e8que de m\u00e9dias de l&rsquo;espace P\u00e9gase.\u00a0 Le lien est non copiable, car le clic droit sur la vid\u00e9o est d\u00e9sactiv\u00e9 (\u00e0 part pour des d\u00e9veloppeurs qui savent ouvrir la console de chargement de la page). Donc d\u00e8s lors que&hellip; <br \/> <a class=\"read-more\" href=\"https:\/\/www.librenmeta.org\/en\/test-video\/\">Read more<\/a><\/p>","protected":false},"author":1,"featured_media":0,"parent":0,"menu_order":0,"comment_status":"closed","ping_status":"closed","template":"","meta":{"footnotes":""},"class_list":["post-5698","page","type-page","status-publish","hentry"],"yoast_head":"<!-- This site is optimized with the Yoast SEO plugin v27.4 - https:\/\/yoast.com\/product\/yoast-seo-wordpress\/ -->\n<title>Test vid\u00e9o - Librenmeta<\/title>\n<meta name=\"robots\" content=\"index, follow, max-snippet:-1, max-image-preview:large, max-video-preview:-1\" \/>\n<link rel=\"canonical\" href=\"https:\/\/www.librenmeta.org\/en\/test-video\/\" \/>\n<meta property=\"og:locale\" content=\"en_GB\" \/>\n<meta property=\"og:type\" content=\"article\" \/>\n<meta property=\"og:title\" content=\"Test vid\u00e9o - Librenmeta\" \/>\n<meta property=\"og:description\" content=\"https:\/\/espace.pegase.org\/wp-content\/uploads\/2022\/11\/2020.12.17%20L&#039;Art.mp4 Coucou Chlo\u00e9, Voici le test vid\u00e9o. Il s&rsquo;agit d&rsquo;une vid\u00e9o qui se situe dans la biblioth\u00e8que de m\u00e9dias de l&rsquo;espace P\u00e9gase.\u00a0 Le lien est non copiable, car le clic droit sur la vid\u00e9o est d\u00e9sactiv\u00e9 (\u00e0 part pour des d\u00e9veloppeurs qui savent ouvrir la console de chargement de la page). Donc d\u00e8s lors que&hellip; Read more\" \/>\n<meta property=\"og:url\" content=\"https:\/\/www.librenmeta.org\/en\/test-video\/\" \/>\n<meta property=\"og:site_name\" content=\"Librenmeta\" \/>\n<meta property=\"article:modified_time\" content=\"2026-01-11T13:38:32+00:00\" \/>\n<meta name=\"twitter:card\" content=\"summary_large_image\" \/>\n<meta name=\"twitter:label1\" content=\"Estimated reading time\" \/>\n\t<meta name=\"twitter:data1\" content=\"1 minute\" \/>\n<script type=\"application\/ld+json\" class=\"yoast-schema-graph\">{\"@context\":\"https:\\\/\\\/schema.org\",\"@graph\":[{\"@type\":\"WebPage\",\"@id\":\"https:\\\/\\\/www.librenmeta.org\\\/test-video\\\/\",\"url\":\"https:\\\/\\\/www.librenmeta.org\\\/test-video\\\/\",\"name\":\"Test vid\u00e9o - Librenmeta\",\"isPartOf\":{\"@id\":\"https:\\\/\\\/www.librenmeta.org\\\/#website\"},\"datePublished\":\"2026-01-11T13:33:08+00:00\",\"dateModified\":\"2026-01-11T13:38:32+00:00\",\"breadcrumb\":{\"@id\":\"https:\\\/\\\/www.librenmeta.org\\\/test-video\\\/#breadcrumb\"},\"inLanguage\":\"en-GB\",\"potentialAction\":[{\"@type\":\"ReadAction\",\"target\":[\"https:\\\/\\\/www.librenmeta.org\\\/test-video\\\/\"]}]},{\"@type\":\"BreadcrumbList\",\"@id\":\"https:\\\/\\\/www.librenmeta.org\\\/test-video\\\/#breadcrumb\",\"itemListElement\":[{\"@type\":\"ListItem\",\"position\":1,\"name\":\"Accueil\",\"item\":\"https:\\\/\\\/www.librenmeta.org\\\/\"},{\"@type\":\"ListItem\",\"position\":2,\"name\":\"Test vid\u00e9o\"}]},{\"@type\":\"WebSite\",\"@id\":\"https:\\\/\\\/www.librenmeta.org\\\/#website\",\"url\":\"https:\\\/\\\/www.librenmeta.org\\\/\",\"name\":\"Librenmeta\",\"description\":\"La Libert\u00e9 d&#039;\u00catre Soi\",\"publisher\":{\"@id\":\"https:\\\/\\\/www.librenmeta.org\\\/#organization\"},\"potentialAction\":[{\"@type\":\"SearchAction\",\"target\":{\"@type\":\"EntryPoint\",\"urlTemplate\":\"https:\\\/\\\/www.librenmeta.org\\\/?s={search_term_string}\"},\"query-input\":{\"@type\":\"PropertyValueSpecification\",\"valueRequired\":true,\"valueName\":\"search_term_string\"}}],\"inLanguage\":\"en-GB\"},{\"@type\":\"Organization\",\"@id\":\"https:\\\/\\\/www.librenmeta.org\\\/#organization\",\"name\":\"Librenmeta\",\"url\":\"https:\\\/\\\/www.librenmeta.org\\\/\",\"logo\":{\"@type\":\"ImageObject\",\"inLanguage\":\"en-GB\",\"@id\":\"https:\\\/\\\/www.librenmeta.org\\\/#\\\/schema\\\/logo\\\/image\\\/\",\"url\":\"https:\\\/\\\/www.librenmeta.org\\\/wp-content\\\/uploads\\\/2025\\\/02\\\/cropped-cropped-logo-librenmeta.png\",\"contentUrl\":\"https:\\\/\\\/www.librenmeta.org\\\/wp-content\\\/uploads\\\/2025\\\/02\\\/cropped-cropped-logo-librenmeta.png\",\"width\":583,\"height\":298,\"caption\":\"Librenmeta\"},\"image\":{\"@id\":\"https:\\\/\\\/www.librenmeta.org\\\/#\\\/schema\\\/logo\\\/image\\\/\"}}]}<\/script>\n<!-- \/ Yoast SEO plugin. -->","yoast_head_json":{"title":"Test vid\u00e9o - Librenmeta","robots":{"index":"index","follow":"follow","max-snippet":"max-snippet:-1","max-image-preview":"max-image-preview:large","max-video-preview":"max-video-preview:-1"},"canonical":"https:\/\/www.librenmeta.org\/en\/test-video\/","og_locale":"en_GB","og_type":"article","og_title":"Test vid\u00e9o - Librenmeta","og_description":"https:\/\/espace.pegase.org\/wp-content\/uploads\/2022\/11\/2020.12.17%20L&#039;Art.mp4 Coucou Chlo\u00e9, Voici le test vid\u00e9o. Il s&rsquo;agit d&rsquo;une vid\u00e9o qui se situe dans la biblioth\u00e8que de m\u00e9dias de l&rsquo;espace P\u00e9gase.\u00a0 Le lien est non copiable, car le clic droit sur la vid\u00e9o est d\u00e9sactiv\u00e9 (\u00e0 part pour des d\u00e9veloppeurs qui savent ouvrir la console de chargement de la page). Donc d\u00e8s lors que&hellip; Read more","og_url":"https:\/\/www.librenmeta.org\/en\/test-video\/","og_site_name":"Librenmeta","article_modified_time":"2026-01-11T13:38:32+00:00","twitter_card":"summary_large_image","twitter_misc":{"Estimated reading time":"1 minute"},"schema":{"@context":"https:\/\/schema.org","@graph":[{"@type":"WebPage","@id":"https:\/\/www.librenmeta.org\/test-video\/","url":"https:\/\/www.librenmeta.org\/test-video\/","name":"Test vid\u00e9o - Librenmeta","isPartOf":{"@id":"https:\/\/www.librenmeta.org\/#website"},"datePublished":"2026-01-11T13:33:08+00:00","dateModified":"2026-01-11T13:38:32+00:00","breadcrumb":{"@id":"https:\/\/www.librenmeta.org\/test-video\/#breadcrumb"},"inLanguage":"en-GB","potentialAction":[{"@type":"ReadAction","target":["https:\/\/www.librenmeta.org\/test-video\/"]}]},{"@type":"BreadcrumbList","@id":"https:\/\/www.librenmeta.org\/test-video\/#breadcrumb","itemListElement":[{"@type":"ListItem","position":1,"name":"Accueil","item":"https:\/\/www.librenmeta.org\/"},{"@type":"ListItem","position":2,"name":"Test vid\u00e9o"}]},{"@type":"WebSite","@id":"https:\/\/www.librenmeta.org\/#website","url":"https:\/\/www.librenmeta.org\/","name":"Librenmeta","description":"La Libert\u00e9 d&#039;\u00catre Soi","publisher":{"@id":"https:\/\/www.librenmeta.org\/#organization"},"potentialAction":[{"@type":"SearchAction","target":{"@type":"EntryPoint","urlTemplate":"https:\/\/www.librenmeta.org\/?s={search_term_string}"},"query-input":{"@type":"PropertyValueSpecification","valueRequired":true,"valueName":"search_term_string"}}],"inLanguage":"en-GB"},{"@type":"Organization","@id":"https:\/\/www.librenmeta.org\/#organization","name":"Librenmeta","url":"https:\/\/www.librenmeta.org\/","logo":{"@type":"ImageObject","inLanguage":"en-GB","@id":"https:\/\/www.librenmeta.org\/#\/schema\/logo\/image\/","url":"https:\/\/www.librenmeta.org\/wp-content\/uploads\/2025\/02\/cropped-cropped-logo-librenmeta.png","contentUrl":"https:\/\/www.librenmeta.org\/wp-content\/uploads\/2025\/02\/cropped-cropped-logo-librenmeta.png","width":583,"height":298,"caption":"Librenmeta"},"image":{"@id":"https:\/\/www.librenmeta.org\/#\/schema\/logo\/image\/"}}]}},"_links":{"self":[{"href":"https:\/\/www.librenmeta.org\/en\/wp-json\/wp\/v2\/pages\/5698","targetHints":{"allow":["GET"]}}],"collection":[{"href":"https:\/\/www.librenmeta.org\/en\/wp-json\/wp\/v2\/pages"}],"about":[{"href":"https:\/\/www.librenmeta.org\/en\/wp-json\/wp\/v2\/types\/page"}],"author":[{"embeddable":true,"href":"https:\/\/www.librenmeta.org\/en\/wp-json\/wp\/v2\/users\/1"}],"replies":[{"embeddable":true,"href":"https:\/\/www.librenmeta.org\/en\/wp-json\/wp\/v2\/comments?post=5698"}],"version-history":[{"count":2,"href":"https:\/\/www.librenmeta.org\/en\/wp-json\/wp\/v2\/pages\/5698\/revisions"}],"predecessor-version":[{"id":5705,"href":"https:\/\/www.librenmeta.org\/en\/wp-json\/wp\/v2\/pages\/5698\/revisions\/5705"}],"wp:attachment":[{"href":"https:\/\/www.librenmeta.org\/en\/wp-json\/wp\/v2\/media?parent=5698"}],"curies":[{"name":"wp","href":"https:\/\/api.w.org\/{rel}","templated":true}]}}